{"id":9503,"date":"2022-06-01T20:52:46","date_gmt":"2022-06-02T01:52:46","guid":{"rendered":"https:\/\/drummondltd.com\/water-resource-management\/"},"modified":"2022-10-26T12:50:45","modified_gmt":"2022-10-26T17:50:45","slug":"water-resource-management","status":"publish","type":"page","link":"https:\/\/drummondltd.com\/en\/sustainability\/sustainability-pillars\/environmental-performance\/water-resource-management\/","title":{"rendered":"Water resource management"},"content":{"rendered":"\t\t<div data-elementor-type=\"wp-page\" data-elementor-id=\"9503\" class=\"elementor elementor-9503 elementor-7344\" data-elementor-post-type=\"page\">\n\t\t\t\t\t\t<section class=\"elementor-section elementor-top-section elementor-element elementor-element-1bd93b30 elementor-section-height-min-height banner elementor-section-boxed elementor-section-height-default elementor-section-items-middle\" data-id=\"1bd93b30\" data-element_type=\"section\" data-settings=\"{&quot;background_background&quot;:&quot;classic&quot;,&quot;background_motion_fx_motion_fx_scrolling&quot;:&quot;yes&quot;,&quot;background_motion_fx_translateY_effect&quot;:&quot;yes&quot;,&quot;background_motion_fx_translateY_speed&quot;:{&quot;unit&quot;:&quot;px&quot;,&quot;size&quot;:2,&quot;sizes&quot;:[]},&quot;background_motion_fx_translateY_affectedRange&quot;:{&quot;unit&quot;:&quot;%&quot;,&quot;size&quot;:&quot;&quot;,&quot;sizes&quot;:{&quot;start&quot;:0,&quot;end&quot;:100}},&quot;background_motion_fx_devices&quot;:[&quot;widescreen&quot;,&quot;desktop&quot;,&quot;laptop&quot;,&quot;tablet&quot;,&quot;mobile&quot;]}\">\n\t\t\t\t\t\t\t<div class=\"elementor-background-overlay\"><\/div>\n\t\t\t\t\t\t\t<div class=\"elementor-container elementor-column-gap-default\">\n\t\t\t\t\t<div class=\"elementor-column elementor-col-100 elementor-top-column elementor-element elementor-element-63c8d53\" data-id=\"63c8d53\" data-element_type=\"column\">\n\t\t\t<div class=\"elementor-widget-wrap\">\n\t\t\t\t\t\t\t<\/div>\n\t\t<\/div>\n\t\t\t\t\t<\/div>\n\t\t<\/section>\n\t\t\t\t<section class=\"elementor-section elementor-top-section elementor-element elementor-element-35d8ca4 elementor-section-boxed elementor-section-height-default elementor-section-height-default\" data-id=\"35d8ca4\" data-element_type=\"section\">\n\t\t\t\t\t\t<div class=\"elementor-container elementor-column-gap-default\">\n\t\t\t\t\t<div class=\"elementor-column elementor-col-100 elementor-top-column elementor-element elementor-element-2fa5cc1\" data-id=\"2fa5cc1\" data-element_type=\"column\">\n\t\t\t<div class=\"elementor-widget-wrap elementor-element-populated\">\n\t\t\t\t\t\t<div class=\"elementor-element elementor-element-6304dce elementor-button-outline elementor-widget elementor-widget-button\" data-id=\"6304dce\" data-element_type=\"widget\" data-widget_type=\"button.default\">\n\t\t\t\t<div class=\"elementor-widget-container\">\n\t\t\t\t\t<div class=\"elementor-button-wrapper\">\n\t\t\t<a class=\"elementor-button elementor-button-link elementor-size-sm\" href=\"https:\/\/drummondltd.com\/en\/sustainability\/sustainability-pillars\/environmental-performance\/\">\n\t\t\t\t\t\t<span class=\"elementor-button-content-wrapper\">\n\t\t\t\t\t\t<span class=\"elementor-button-icon\">\n\t\t\t\t<i aria-hidden=\"true\" class=\"fas fa-arrow-left\"><\/i>\t\t\t<\/span>\n\t\t\t\t\t\t\t\t\t<span class=\"elementor-button-text\">Environmental performance<\/span>\n\t\t\t\t\t<\/span>\n\t\t\t\t\t<\/a>\n\t\t<\/div>\n\t\t\t\t<\/div>\n\t\t\t\t<\/div>\n\t\t\t\t<div class=\"elementor-element elementor-element-84e45fc elementor-widget elementor-widget-heading\" data-id=\"84e45fc\" data-element_type=\"widget\" data-widget_type=\"heading.default\">\n\t\t\t\t<div class=\"elementor-widget-container\">\n\t\t\t<style>\/*! elementor - v3.23.0 - 25-07-2024 *\/\n.elementor-heading-title{padding:0;margin:0;line-height:1}.elementor-widget-heading .elementor-heading-title[class*=elementor-size-]>a{color:inherit;font-size:inherit;line-height:inherit}.elementor-widget-heading .elementor-heading-title.elementor-size-small{font-size:15px}.elementor-widget-heading .elementor-heading-title.elementor-size-medium{font-size:19px}.elementor-widget-heading .elementor-heading-title.elementor-size-large{font-size:29px}.elementor-widget-heading .elementor-heading-title.elementor-size-xl{font-size:39px}.elementor-widget-heading .elementor-heading-title.elementor-size-xxl{font-size:59px}<\/style><h2 class=\"elementor-heading-title elementor-size-default\">Water resource\n<b>management<\/b><\/h2>\t\t<\/div>\n\t\t\t\t<\/div>\n\t\t\t\t<div class=\"elementor-element elementor-element-21dfc20 elementor-widget elementor-widget-text-editor\" data-id=\"21dfc20\" data-element_type=\"widget\" data-widget_type=\"text-editor.default\">\n\t\t\t\t<div class=\"elementor-widget-container\">\n\t\t\t<style>\/*! elementor - v3.23.0 - 25-07-2024 *\/\n.elementor-widget-text-editor.elementor-drop-cap-view-stacked .elementor-drop-cap{background-color:#69727d;color:#fff}.elementor-widget-text-editor.elementor-drop-cap-view-framed .elementor-drop-cap{color:#69727d;border:3px solid;background-color:transparent}.elementor-widget-text-editor:not(.elementor-drop-cap-view-default) .elementor-drop-cap{margin-top:8px}.elementor-widget-text-editor:not(.elementor-drop-cap-view-default) .elementor-drop-cap-letter{width:1em;height:1em}.elementor-widget-text-editor .elementor-drop-cap{float:left;text-align:center;line-height:1;font-size:50px}.elementor-widget-text-editor .elementor-drop-cap-letter{display:inline-block}<\/style>\t\t\t\t<p>The administration of water resources at Drummond Ltd. is one of the strategic tasks and one that is managed year after year, firstly because of the need for this resource in the communities and surrounding ecosystems, and secondly because of the demand for it in the various phases of the Company&#8217;s production process and in the environmental control measures applied.<\/p>\n<p>To ensure the effectiveness of measures aimed at preserving and preventing contamination of the water resource, Drummond has implemented 182 surface and groundwater quality monitoring stations. All samples collected at these stations are analyzed by laboratories duly accredited by IDEAM.<\/p>\n<p>In order to control the emission of pollutants into watercourses, mining projects implement different treatment systems (grease traps, sedimentation, facultative, oxidation and flocculation pools), where pollutants are eliminated or reduced before being released into natural watercourses.<\/p>\n<p><img fetchpriority=\"high\" decoding=\"async\" class=\"alignleft wp-image-7349\" src=\"https:\/\/drummondltd.com\/wp-content\/uploads\/2022\/06\/img-78-300x200.jpg\" alt=\"\" width=\"285\" height=\"190\" srcset=\"https:\/\/drummondltd.com\/wp-content\/uploads\/2022\/06\/img-78-300x200.jpg 300w, https:\/\/drummondltd.com\/wp-content\/uploads\/2022\/06\/img-78-1024x683.jpg 1024w, https:\/\/drummondltd.com\/wp-content\/uploads\/2022\/06\/img-78-768x512.jpg 768w, https:\/\/drummondltd.com\/wp-content\/uploads\/2022\/06\/img-78-1536x1024.jpg 1536w, https:\/\/drummondltd.com\/wp-content\/uploads\/2022\/06\/img-78-18x12.jpg 18w, https:\/\/drummondltd.com\/wp-content\/uploads\/2022\/06\/img-78.jpg 1920w\" sizes=\"(max-width: 285px) 100vw, 285px\" \/>On the other hand, one of our priorities is the maintenance of water quality in the region. Since the beginning of our operations, specifically in Puerto Drummond, we have established conditions that do not interfere with traditional fishing and we have implemented procedures to protect the safe transit of vessels in the vicinity of the coal loading dock structures.<\/p>\n<p>Likewise, at Puerto Drummond facilities we have a fresh water reservoir, in an area of approximately 6,000 square meters, which is a reusable source of this resource for the work of humidifying the Port&#8217;s internal roads and controlling dust in the atmosphere. This space is today a true fauna and flora reserve where diverse populations of animals and plants coexist, many of which are bio-indicators of the quality of the water stored there.<\/p>\n<p>The surroundings of this artificial lake are protected by a vegetation formation with species such as dividivi, campano, siempre viva, uvito, among others, which were planted by Drummond to favor the establishment of fauna communities.<\/p>\n\t\t\t\t\t\t<\/div>\n\t\t\t\t<\/div>\n\t\t\t\t\t<\/div>\n\t\t<\/div>\n\t\t\t\t\t<\/div>\n\t\t<\/section>\n\t\t\t\t<section class=\"elementor-section elementor-top-section elementor-element elementor-element-89b32fb elementor-section-boxed elementor-section-height-default elementor-section-height-default\" data-id=\"89b32fb\" data-element_type=\"section\" data-settings=\"{&quot;background_background&quot;:&quot;classic&quot;}\">\n\t\t\t\t\t\t<div class=\"elementor-container elementor-column-gap-default\">\n\t\t\t\t\t<div class=\"elementor-column elementor-col-100 elementor-top-column elementor-element elementor-element-a0890d3\" data-id=\"a0890d3\" data-element_type=\"column\">\n\t\t\t<div class=\"elementor-widget-wrap elementor-element-populated\">\n\t\t\t\t\t\t<div class=\"elementor-element elementor-element-ee7355e elementor-widget elementor-widget-heading\" data-id=\"ee7355e\" data-element_type=\"widget\" data-widget_type=\"heading.default\">\n\t\t\t\t<div class=\"elementor-widget-container\">\n\t\t\t<h6 class=\"elementor-heading-title elementor-size-default\">management<\/h6>\t\t<\/div>\n\t\t\t\t<\/div>\n\t\t\t\t<div class=\"elementor-element elementor-element-7c55620 elementor-widget elementor-widget-heading\" data-id=\"7c55620\" data-element_type=\"widget\" data-widget_type=\"heading.default\">\n\t\t\t\t<div class=\"elementor-widget-container\">\n\t\t\t<h2 class=\"elementor-heading-title elementor-size-default\"><b>This is how<\/b> we manage it<\/h2>\t\t<\/div>\n\t\t\t\t<\/div>\n\t\t\t\t<div class=\"elementor-element elementor-element-72fe8c4 elementor-widget elementor-widget-shortcode\" data-id=\"72fe8c4\" data-element_type=\"widget\" data-widget_type=\"shortcode.default\">\n\t\t\t\t<div class=\"elementor-widget-container\">\n\t\t\t\t\t<div class=\"elementor-shortcode\"><\/div>\n\t\t\t\t<\/div>\n\t\t\t\t<\/div>\n\t\t\t\t\t<\/div>\n\t\t<\/div>\n\t\t\t\t\t<\/div>\n\t\t<\/section>\n\t\t\t\t<\/div>\n\t\t","protected":false},"excerpt":{"rendered":"<p>Environmental performance Water resource management The administration of water resources at Drummond Ltd. is one of the strategic tasks and one that is managed year after year, firstly because of the need for this resource in the communities and surrounding ecosystems, and secondly because of the demand for it in the various phases of the [&hellip;]<\/p>\n","protected":false},"author":1,"featured_media":0,"parent":9505,"menu_order":0,"comment_status":"closed","ping_status":"closed","template":"","meta":{"_acf_changed":false,"footnotes":""},"class_list":["post-9503","page","type-page","status-publish","hentry"],"acf":[],"yoast_head":"<!-- This site is optimized with the Yoast SEO plugin v27.6 - https:\/\/yoast.com\/product\/yoast-seo-wordpress\/ -->\n<title>Water resource management - Drummond Ltd.<\/title>\n<meta name=\"robots\" content=\"index, follow, max-snippet:-1, max-image-preview:large, max-video-preview:-1\" \/>\n<link rel=\"canonical\" href=\"https:\/\/drummondltd.com\/en\/sustainability\/sustainability-pillars\/environmental-performance\/water-resource-management\/\" \/>\n<meta property=\"og:locale\" content=\"en_US\" \/>\n<meta property=\"og:type\" content=\"article\" \/>\n<meta property=\"og:title\" content=\"Water resource management - Drummond Ltd.\" \/>\n<meta property=\"og:description\" content=\"Environmental performance Water resource management The administration of water resources at Drummond Ltd. is one of the strategic tasks and one that is managed year after year, firstly because of the need for this resource in the communities and surrounding ecosystems, and secondly because of the demand for it in the various phases of the [&hellip;]\" \/>\n<meta property=\"og:url\" content=\"https:\/\/drummondltd.com\/en\/sustainability\/sustainability-pillars\/environmental-performance\/water-resource-management\/\" \/>\n<meta property=\"og:site_name\" content=\"Drummond Ltd.\" \/>\n<meta property=\"article:modified_time\" content=\"2022-10-26T17:50:45+00:00\" \/>\n<meta property=\"og:image\" content=\"https:\/\/drummondltd.com\/wp-content\/uploads\/2022\/06\/img-78-300x200.jpg\" \/>\n<meta name=\"twitter:card\" content=\"summary_large_image\" \/>\n<meta name=\"twitter:label1\" content=\"Est. reading time\" \/>\n\t<meta name=\"twitter:data1\" content=\"2 minutes\" \/>\n<script type=\"application\/ld+json\" class=\"yoast-schema-graph\">{\"@context\":\"https:\\\/\\\/schema.org\",\"@graph\":[{\"@type\":\"WebPage\",\"@id\":\"https:\\\/\\\/drummondltd.com\\\/en\\\/sustainability\\\/sustainability-pillars\\\/environmental-performance\\\/water-resource-management\\\/\",\"url\":\"https:\\\/\\\/drummondltd.com\\\/en\\\/sustainability\\\/sustainability-pillars\\\/environmental-performance\\\/water-resource-management\\\/\",\"name\":\"Water resource management - Drummond Ltd.\",\"isPartOf\":{\"@id\":\"https:\\\/\\\/drummondltd.com\\\/en\\\/#website\"},\"primaryImageOfPage\":{\"@id\":\"https:\\\/\\\/drummondltd.com\\\/en\\\/sustainability\\\/sustainability-pillars\\\/environmental-performance\\\/water-resource-management\\\/#primaryimage\"},\"image\":{\"@id\":\"https:\\\/\\\/drummondltd.com\\\/en\\\/sustainability\\\/sustainability-pillars\\\/environmental-performance\\\/water-resource-management\\\/#primaryimage\"},\"thumbnailUrl\":\"https:\\\/\\\/drummondltd.com\\\/wp-content\\\/uploads\\\/2022\\\/06\\\/img-78-300x200.jpg\",\"datePublished\":\"2022-06-02T01:52:46+00:00\",\"dateModified\":\"2022-10-26T17:50:45+00:00\",\"breadcrumb\":{\"@id\":\"https:\\\/\\\/drummondltd.com\\\/en\\\/sustainability\\\/sustainability-pillars\\\/environmental-performance\\\/water-resource-management\\\/#breadcrumb\"},\"inLanguage\":\"en-US\",\"potentialAction\":[{\"@type\":\"ReadAction\",\"target\":[\"https:\\\/\\\/drummondltd.com\\\/en\\\/sustainability\\\/sustainability-pillars\\\/environmental-performance\\\/water-resource-management\\\/\"]}]},{\"@type\":\"ImageObject\",\"inLanguage\":\"en-US\",\"@id\":\"https:\\\/\\\/drummondltd.com\\\/en\\\/sustainability\\\/sustainability-pillars\\\/environmental-performance\\\/water-resource-management\\\/#primaryimage\",\"url\":\"https:\\\/\\\/drummondltd.com\\\/wp-content\\\/uploads\\\/2022\\\/06\\\/img-78-300x200.jpg\",\"contentUrl\":\"https:\\\/\\\/drummondltd.com\\\/wp-content\\\/uploads\\\/2022\\\/06\\\/img-78-300x200.jpg\"},{\"@type\":\"BreadcrumbList\",\"@id\":\"https:\\\/\\\/drummondltd.com\\\/en\\\/sustainability\\\/sustainability-pillars\\\/environmental-performance\\\/water-resource-management\\\/#breadcrumb\",\"itemListElement\":[{\"@type\":\"ListItem\",\"position\":1,\"name\":\"Home\",\"item\":\"https:\\\/\\\/drummondltd.com\\\/en\\\/\"},{\"@type\":\"ListItem\",\"position\":2,\"name\":\"Sustainability\",\"item\":\"https:\\\/\\\/drummondltd.com\\\/en\\\/sustainability\\\/\"},{\"@type\":\"ListItem\",\"position\":3,\"name\":\"Sustainability pillars\",\"item\":\"https:\\\/\\\/drummondltd.com\\\/en\\\/sustainability\\\/sustainability-pillars\\\/\"},{\"@type\":\"ListItem\",\"position\":4,\"name\":\"Environmental performance\",\"item\":\"https:\\\/\\\/drummondltd.com\\\/en\\\/sustainability\\\/sustainability-pillars\\\/environmental-performance\\\/\"},{\"@type\":\"ListItem\",\"position\":5,\"name\":\"Water resource management\"}]},{\"@type\":\"WebSite\",\"@id\":\"https:\\\/\\\/drummondltd.com\\\/en\\\/#website\",\"url\":\"https:\\\/\\\/drummondltd.com\\\/en\\\/\",\"name\":\"Drummond Ltd.\",\"description\":\"Organizaci\u00f3n dedicada a la extracci\u00f3n, transporte y exportaci\u00f3n de carb\u00f3n\",\"publisher\":{\"@id\":\"https:\\\/\\\/drummondltd.com\\\/en\\\/#organization\"},\"potentialAction\":[{\"@type\":\"SearchAction\",\"target\":{\"@type\":\"EntryPoint\",\"urlTemplate\":\"https:\\\/\\\/drummondltd.com\\\/en\\\/?s={search_term_string}\"},\"query-input\":{\"@type\":\"PropertyValueSpecification\",\"valueRequired\":true,\"valueName\":\"search_term_string\"}}],\"inLanguage\":\"en-US\"},{\"@type\":\"Organization\",\"@id\":\"https:\\\/\\\/drummondltd.com\\\/en\\\/#organization\",\"name\":\"Drummond Ltd.\",\"url\":\"https:\\\/\\\/drummondltd.com\\\/en\\\/\",\"logo\":{\"@type\":\"ImageObject\",\"inLanguage\":\"en-US\",\"@id\":\"https:\\\/\\\/drummondltd.com\\\/en\\\/#\\\/schema\\\/logo\\\/image\\\/\",\"url\":\"https:\\\/\\\/5zm012.p3cdn1.secureserver.net\\\/wp-content\\\/uploads\\\/2022\\\/04\\\/logo-drummond-ldt.png?time=1730132405\",\"contentUrl\":\"https:\\\/\\\/5zm012.p3cdn1.secureserver.net\\\/wp-content\\\/uploads\\\/2022\\\/04\\\/logo-drummond-ldt.png?time=1730132405\",\"width\":1030,\"height\":300,\"caption\":\"Drummond Ltd.\"},\"image\":{\"@id\":\"https:\\\/\\\/drummondltd.com\\\/en\\\/#\\\/schema\\\/logo\\\/image\\\/\"}}]}<\/script>\n<!-- \/ Yoast SEO plugin. -->","yoast_head_json":{"title":"Water resource management - Drummond Ltd.","robots":{"index":"index","follow":"follow","max-snippet":"max-snippet:-1","max-image-preview":"max-image-preview:large","max-video-preview":"max-video-preview:-1"},"canonical":"https:\/\/drummondltd.com\/en\/sustainability\/sustainability-pillars\/environmental-performance\/water-resource-management\/","og_locale":"en_US","og_type":"article","og_title":"Water resource management - Drummond Ltd.","og_description":"Environmental performance Water resource management The administration of water resources at Drummond Ltd. is one of the strategic tasks and one that is managed year after year, firstly because of the need for this resource in the communities and surrounding ecosystems, and secondly because of the demand for it in the various phases of the [&hellip;]","og_url":"https:\/\/drummondltd.com\/en\/sustainability\/sustainability-pillars\/environmental-performance\/water-resource-management\/","og_site_name":"Drummond Ltd.","article_modified_time":"2022-10-26T17:50:45+00:00","og_image":[{"url":"https:\/\/drummondltd.com\/wp-content\/uploads\/2022\/06\/img-78-300x200.jpg","type":"","width":"","height":""}],"twitter_card":"summary_large_image","twitter_misc":{"Est. reading time":"2 minutes"},"schema":{"@context":"https:\/\/schema.org","@graph":[{"@type":"WebPage","@id":"https:\/\/drummondltd.com\/en\/sustainability\/sustainability-pillars\/environmental-performance\/water-resource-management\/","url":"https:\/\/drummondltd.com\/en\/sustainability\/sustainability-pillars\/environmental-performance\/water-resource-management\/","name":"Water resource management - Drummond Ltd.","isPartOf":{"@id":"https:\/\/drummondltd.com\/en\/#website"},"primaryImageOfPage":{"@id":"https:\/\/drummondltd.com\/en\/sustainability\/sustainability-pillars\/environmental-performance\/water-resource-management\/#primaryimage"},"image":{"@id":"https:\/\/drummondltd.com\/en\/sustainability\/sustainability-pillars\/environmental-performance\/water-resource-management\/#primaryimage"},"thumbnailUrl":"https:\/\/drummondltd.com\/wp-content\/uploads\/2022\/06\/img-78-300x200.jpg","datePublished":"2022-06-02T01:52:46+00:00","dateModified":"2022-10-26T17:50:45+00:00","breadcrumb":{"@id":"https:\/\/drummondltd.com\/en\/sustainability\/sustainability-pillars\/environmental-performance\/water-resource-management\/#breadcrumb"},"inLanguage":"en-US","potentialAction":[{"@type":"ReadAction","target":["https:\/\/drummondltd.com\/en\/sustainability\/sustainability-pillars\/environmental-performance\/water-resource-management\/"]}]},{"@type":"ImageObject","inLanguage":"en-US","@id":"https:\/\/drummondltd.com\/en\/sustainability\/sustainability-pillars\/environmental-performance\/water-resource-management\/#primaryimage","url":"https:\/\/drummondltd.com\/wp-content\/uploads\/2022\/06\/img-78-300x200.jpg","contentUrl":"https:\/\/drummondltd.com\/wp-content\/uploads\/2022\/06\/img-78-300x200.jpg"},{"@type":"BreadcrumbList","@id":"https:\/\/drummondltd.com\/en\/sustainability\/sustainability-pillars\/environmental-performance\/water-resource-management\/#breadcrumb","itemListElement":[{"@type":"ListItem","position":1,"name":"Home","item":"https:\/\/drummondltd.com\/en\/"},{"@type":"ListItem","position":2,"name":"Sustainability","item":"https:\/\/drummondltd.com\/en\/sustainability\/"},{"@type":"ListItem","position":3,"name":"Sustainability pillars","item":"https:\/\/drummondltd.com\/en\/sustainability\/sustainability-pillars\/"},{"@type":"ListItem","position":4,"name":"Environmental performance","item":"https:\/\/drummondltd.com\/en\/sustainability\/sustainability-pillars\/environmental-performance\/"},{"@type":"ListItem","position":5,"name":"Water resource management"}]},{"@type":"WebSite","@id":"https:\/\/drummondltd.com\/en\/#website","url":"https:\/\/drummondltd.com\/en\/","name":"Drummond Ltd.","description":"Organizaci\u00f3n dedicada a la extracci\u00f3n, transporte y exportaci\u00f3n de carb\u00f3n","publisher":{"@id":"https:\/\/drummondltd.com\/en\/#organization"},"potentialAction":[{"@type":"SearchAction","target":{"@type":"EntryPoint","urlTemplate":"https:\/\/drummondltd.com\/en\/?s={search_term_string}"},"query-input":{"@type":"PropertyValueSpecification","valueRequired":true,"valueName":"search_term_string"}}],"inLanguage":"en-US"},{"@type":"Organization","@id":"https:\/\/drummondltd.com\/en\/#organization","name":"Drummond Ltd.","url":"https:\/\/drummondltd.com\/en\/","logo":{"@type":"ImageObject","inLanguage":"en-US","@id":"https:\/\/drummondltd.com\/en\/#\/schema\/logo\/image\/","url":"https:\/\/5zm012.p3cdn1.secureserver.net\/wp-content\/uploads\/2022\/04\/logo-drummond-ldt.png?time=1730132405","contentUrl":"https:\/\/5zm012.p3cdn1.secureserver.net\/wp-content\/uploads\/2022\/04\/logo-drummond-ldt.png?time=1730132405","width":1030,"height":300,"caption":"Drummond Ltd."},"image":{"@id":"https:\/\/drummondltd.com\/en\/#\/schema\/logo\/image\/"}}]}},"_links":{"self":[{"href":"https:\/\/drummondltd.com\/en\/wp-json\/wp\/v2\/pages\/9503","targetHints":{"allow":["GET"]}}],"collection":[{"href":"https:\/\/drummondltd.com\/en\/wp-json\/wp\/v2\/pages"}],"about":[{"href":"https:\/\/drummondltd.com\/en\/wp-json\/wp\/v2\/types\/page"}],"author":[{"embeddable":true,"href":"https:\/\/drummondltd.com\/en\/wp-json\/wp\/v2\/users\/1"}],"replies":[{"embeddable":true,"href":"https:\/\/drummondltd.com\/en\/wp-json\/wp\/v2\/comments?post=9503"}],"version-history":[{"count":9,"href":"https:\/\/drummondltd.com\/en\/wp-json\/wp\/v2\/pages\/9503\/revisions"}],"predecessor-version":[{"id":11099,"href":"https:\/\/drummondltd.com\/en\/wp-json\/wp\/v2\/pages\/9503\/revisions\/11099"}],"up":[{"embeddable":true,"href":"https:\/\/drummondltd.com\/en\/wp-json\/wp\/v2\/pages\/9505"}],"wp:attachment":[{"href":"https:\/\/drummondltd.com\/en\/wp-json\/wp\/v2\/media?parent=9503"}],"curies":[{"name":"wp","href":"https:\/\/api.w.org\/{rel}","templated":true}]}}