{"id":9501,"date":"2022-06-01T21:43:40","date_gmt":"2022-06-02T02:43:40","guid":{"rendered":"https:\/\/drummondltd.com\/air-quality\/"},"modified":"2022-08-12T15:56:39","modified_gmt":"2022-08-12T20:56:39","slug":"air-quality","status":"publish","type":"page","link":"https:\/\/drummondltd.com\/en\/sustainability\/sustainability-pillars\/environmental-performance\/air-quality\/","title":{"rendered":"Air quality"},"content":{"rendered":"\t\t<div data-elementor-type=\"wp-page\" data-elementor-id=\"9501\" class=\"elementor elementor-9501 elementor-7368\" data-elementor-post-type=\"page\">\n\t\t\t\t\t\t<section class=\"elementor-section elementor-top-section elementor-element elementor-element-1bd93b30 elementor-section-height-min-height banner elementor-section-boxed elementor-section-height-default elementor-section-items-middle\" data-id=\"1bd93b30\" data-element_type=\"section\" data-settings=\"{&quot;background_background&quot;:&quot;classic&quot;,&quot;background_motion_fx_motion_fx_scrolling&quot;:&quot;yes&quot;,&quot;background_motion_fx_translateY_effect&quot;:&quot;yes&quot;,&quot;background_motion_fx_translateY_speed&quot;:{&quot;unit&quot;:&quot;px&quot;,&quot;size&quot;:2,&quot;sizes&quot;:[]},&quot;background_motion_fx_translateY_affectedRange&quot;:{&quot;unit&quot;:&quot;%&quot;,&quot;size&quot;:&quot;&quot;,&quot;sizes&quot;:{&quot;start&quot;:0,&quot;end&quot;:100}},&quot;background_motion_fx_devices&quot;:[&quot;widescreen&quot;,&quot;desktop&quot;,&quot;laptop&quot;,&quot;tablet&quot;,&quot;mobile&quot;]}\">\n\t\t\t\t\t\t\t<div class=\"elementor-background-overlay\"><\/div>\n\t\t\t\t\t\t\t<div class=\"elementor-container elementor-column-gap-default\">\n\t\t\t\t\t<div class=\"elementor-column elementor-col-100 elementor-top-column elementor-element elementor-element-63c8d53\" data-id=\"63c8d53\" data-element_type=\"column\">\n\t\t\t<div class=\"elementor-widget-wrap\">\n\t\t\t\t\t\t\t<\/div>\n\t\t<\/div>\n\t\t\t\t\t<\/div>\n\t\t<\/section>\n\t\t\t\t<section class=\"elementor-section elementor-top-section elementor-element elementor-element-35d8ca4 elementor-section-boxed elementor-section-height-default elementor-section-height-default\" data-id=\"35d8ca4\" data-element_type=\"section\">\n\t\t\t\t\t\t<div class=\"elementor-container elementor-column-gap-default\">\n\t\t\t\t\t<div class=\"elementor-column elementor-col-100 elementor-top-column elementor-element elementor-element-2fa5cc1\" data-id=\"2fa5cc1\" data-element_type=\"column\">\n\t\t\t<div class=\"elementor-widget-wrap elementor-element-populated\">\n\t\t\t\t\t\t<div class=\"elementor-element elementor-element-6304dce elementor-button-outline elementor-widget elementor-widget-button\" data-id=\"6304dce\" data-element_type=\"widget\" data-widget_type=\"button.default\">\n\t\t\t\t<div class=\"elementor-widget-container\">\n\t\t\t\t\t<div class=\"elementor-button-wrapper\">\n\t\t\t<a class=\"elementor-button elementor-button-link elementor-size-sm\" href=\"https:\/\/drummondltd.com\/en\/sustainability\/sustainability-pillars\/environmental-performance\/\">\n\t\t\t\t\t\t<span class=\"elementor-button-content-wrapper\">\n\t\t\t\t\t\t<span class=\"elementor-button-icon\">\n\t\t\t\t<i aria-hidden=\"true\" class=\"fas fa-arrow-left\"><\/i>\t\t\t<\/span>\n\t\t\t\t\t\t\t\t\t<span class=\"elementor-button-text\">Environmental performance<\/span>\n\t\t\t\t\t<\/span>\n\t\t\t\t\t<\/a>\n\t\t<\/div>\n\t\t\t\t<\/div>\n\t\t\t\t<\/div>\n\t\t\t\t<div class=\"elementor-element elementor-element-84e45fc elementor-widget elementor-widget-heading\" data-id=\"84e45fc\" data-element_type=\"widget\" data-widget_type=\"heading.default\">\n\t\t\t\t<div class=\"elementor-widget-container\">\n\t\t\t<style>\/*! elementor - v3.23.0 - 25-07-2024 *\/\n.elementor-heading-title{padding:0;margin:0;line-height:1}.elementor-widget-heading .elementor-heading-title[class*=elementor-size-]>a{color:inherit;font-size:inherit;line-height:inherit}.elementor-widget-heading .elementor-heading-title.elementor-size-small{font-size:15px}.elementor-widget-heading .elementor-heading-title.elementor-size-medium{font-size:19px}.elementor-widget-heading .elementor-heading-title.elementor-size-large{font-size:29px}.elementor-widget-heading .elementor-heading-title.elementor-size-xl{font-size:39px}.elementor-widget-heading .elementor-heading-title.elementor-size-xxl{font-size:59px}<\/style><h2 class=\"elementor-heading-title elementor-size-default\">Air\n<b>quality<\/b><\/h2>\t\t<\/div>\n\t\t\t\t<\/div>\n\t\t\t\t<div class=\"elementor-element elementor-element-21dfc20 elementor-widget elementor-widget-text-editor\" data-id=\"21dfc20\" data-element_type=\"widget\" data-widget_type=\"text-editor.default\">\n\t\t\t\t<div class=\"elementor-widget-container\">\n\t\t\t<style>\/*! elementor - v3.23.0 - 25-07-2024 *\/\n.elementor-widget-text-editor.elementor-drop-cap-view-stacked .elementor-drop-cap{background-color:#69727d;color:#fff}.elementor-widget-text-editor.elementor-drop-cap-view-framed .elementor-drop-cap{color:#69727d;border:3px solid;background-color:transparent}.elementor-widget-text-editor:not(.elementor-drop-cap-view-default) .elementor-drop-cap{margin-top:8px}.elementor-widget-text-editor:not(.elementor-drop-cap-view-default) .elementor-drop-cap-letter{width:1em;height:1em}.elementor-widget-text-editor .elementor-drop-cap{float:left;text-align:center;line-height:1;font-size:50px}.elementor-widget-text-editor .elementor-drop-cap-letter{display:inline-block}<\/style>\t\t\t\t<p>Air quality in any open pit mining operation is one of the biggest environmental challenges. At Drummond, we understand this as a challenge that requires permanent evolution and, therefore, we have implemented different strategies to prevent, control and mitigate the emission of particulate matter, as well as to maintain air quality at levels that protect the health of our neighboring communities. We are also attentive to measurement and monitoring, which shed light on the effectiveness of the measures and the possibility of improvement.<\/p><h5><strong>How do we do it?<\/strong><\/h5><p>To prevent the generation of particulate matter in mining operations, we have implemented the most efficient controls proven worldwide for each of the processes that can generate emissions, including spraying with water cannons and foggers for loading material (being the pioneers in the implementation of these controls in Colombia) and constant wetting of the roads with tankers of up to 22,000 gallons (through a monthly irrigation plan that ensures optimum efficiency in the roads with the highest traffic). Translated with www.DeepL.com\/Translator (free version)<\/p><p><img fetchpriority=\"high\" decoding=\"async\" class=\"size-medium wp-image-7395 alignleft\" style=\"margin-top: 0.5rem;\" src=\"https:\/\/drummondltd.com\/wp-content\/uploads\/2022\/06\/img-81-300x199.jpg\" alt=\"\" width=\"300\" height=\"199\" srcset=\"https:\/\/drummondltd.com\/wp-content\/uploads\/2022\/06\/img-81-300x199.jpg 300w, https:\/\/drummondltd.com\/wp-content\/uploads\/2022\/06\/img-81-1024x678.jpg 1024w, https:\/\/drummondltd.com\/wp-content\/uploads\/2022\/06\/img-81-768x509.jpg 768w, https:\/\/drummondltd.com\/wp-content\/uploads\/2022\/06\/img-81-1536x1018.jpg 1536w, https:\/\/drummondltd.com\/wp-content\/uploads\/2022\/06\/img-81-18x12.jpg 18w, https:\/\/drummondltd.com\/wp-content\/uploads\/2022\/06\/img-81.jpg 1920w\" sizes=\"(max-width: 300px) 100vw, 300px\" \/>To carry out these activities, we have the largest fleet of tankers for road irrigation per production unit in the country, 30 in total; we apply special products on the roads -especially in dry seasons- that minimize dust emissions from traffic, reducing water use. In addition, we perform the humidification and compaction of the coal loaded in the train cars, to reduce and avoid emissions during loading and transportation to the port.<\/p><h5><strong>How do we measure it?<\/strong><\/h5><p><img decoding=\"async\" class=\"size-medium wp-image-7458 alignright\" src=\"https:\/\/drummondltd.com\/wp-content\/uploads\/2021\/11\/banner-desarrollo-sostenible-300x200.jpg\" alt=\"\" width=\"300\" height=\"200\" srcset=\"https:\/\/drummondltd.com\/wp-content\/uploads\/2021\/11\/banner-desarrollo-sostenible-300x200.jpg 300w, https:\/\/drummondltd.com\/wp-content\/uploads\/2021\/11\/banner-desarrollo-sostenible-1024x683.jpg 1024w, https:\/\/drummondltd.com\/wp-content\/uploads\/2021\/11\/banner-desarrollo-sostenible-768x512.jpg 768w, https:\/\/drummondltd.com\/wp-content\/uploads\/2021\/11\/banner-desarrollo-sostenible-1536x1024.jpg 1536w, https:\/\/drummondltd.com\/wp-content\/uploads\/2021\/11\/banner-desarrollo-sostenible.jpg 1920w\" sizes=\"(max-width: 300px) 100vw, 300px\" \/>To measure and evaluate the efficiency of these measures, we have internal monitoring networks for operational control, which immediately alert the operation when it is necessary to activate special emission control protocols. In addition, we have an external monitoring network composed of six air monitoring stations located in neighboring towns, in order to know in a timely manner the behavior of particulate matter concentrations in the population centers.<\/p><p>At the port, water is applied at the coal transfer and handling points that have the greatest potential for particulate matter emissions. The entire belt system is covered, leaving only the necessary space for inspection and maintenance.<\/p><p>As a complement to the air quality management measures, Drummond develops annual particulate matter dispersion models to understand the current contributions of this material and forecast future conditions that may require the application of specific and additional measures to control emissions, as well as to design irrigation plans.<\/p>\t\t\t\t\t\t<\/div>\n\t\t\t\t<\/div>\n\t\t\t\t\t<\/div>\n\t\t<\/div>\n\t\t\t\t\t<\/div>\n\t\t<\/section>\n\t\t\t\t<\/div>\n\t\t","protected":false},"excerpt":{"rendered":"<p>Environmental performance Air quality Air quality in any open pit mining operation is one of the biggest environmental challenges. At Drummond, we understand this as a challenge that requires permanent evolution and, therefore, we have implemented different strategies to prevent, control and mitigate the emission of particulate matter, as well as to maintain air quality [&hellip;]<\/p>\n","protected":false},"author":1,"featured_media":0,"parent":9505,"menu_order":1,"comment_status":"closed","ping_status":"closed","template":"","meta":{"_acf_changed":false,"footnotes":""},"class_list":["post-9501","page","type-page","status-publish","hentry"],"acf":[],"yoast_head":"<!-- This site is optimized with the Yoast SEO plugin v27.6 - https:\/\/yoast.com\/product\/yoast-seo-wordpress\/ -->\n<title>Air quality - Drummond Ltd.<\/title>\n<meta name=\"robots\" content=\"index, follow, max-snippet:-1, max-image-preview:large, max-video-preview:-1\" \/>\n<link rel=\"canonical\" href=\"https:\/\/drummondltd.com\/en\/sustainability\/sustainability-pillars\/environmental-performance\/air-quality\/\" \/>\n<meta property=\"og:locale\" content=\"en_US\" \/>\n<meta property=\"og:type\" content=\"article\" \/>\n<meta property=\"og:title\" content=\"Air quality - Drummond Ltd.\" \/>\n<meta property=\"og:description\" content=\"Environmental performance Air quality Air quality in any open pit mining operation is one of the biggest environmental challenges. At Drummond, we understand this as a challenge that requires permanent evolution and, therefore, we have implemented different strategies to prevent, control and mitigate the emission of particulate matter, as well as to maintain air quality [&hellip;]\" \/>\n<meta property=\"og:url\" content=\"https:\/\/drummondltd.com\/en\/sustainability\/sustainability-pillars\/environmental-performance\/air-quality\/\" \/>\n<meta property=\"og:site_name\" content=\"Drummond Ltd.\" \/>\n<meta property=\"article:modified_time\" content=\"2022-08-12T20:56:39+00:00\" \/>\n<meta property=\"og:image\" content=\"https:\/\/drummondltd.com\/wp-content\/uploads\/2022\/06\/img-81-300x199.jpg\" \/>\n<meta name=\"twitter:card\" content=\"summary_large_image\" \/>\n<meta name=\"twitter:label1\" content=\"Est. reading time\" \/>\n\t<meta name=\"twitter:data1\" content=\"2 minutes\" \/>\n<script type=\"application\/ld+json\" class=\"yoast-schema-graph\">{\"@context\":\"https:\\\/\\\/schema.org\",\"@graph\":[{\"@type\":\"WebPage\",\"@id\":\"https:\\\/\\\/drummondltd.com\\\/en\\\/sustainability\\\/sustainability-pillars\\\/environmental-performance\\\/air-quality\\\/\",\"url\":\"https:\\\/\\\/drummondltd.com\\\/en\\\/sustainability\\\/sustainability-pillars\\\/environmental-performance\\\/air-quality\\\/\",\"name\":\"Air quality - Drummond Ltd.\",\"isPartOf\":{\"@id\":\"https:\\\/\\\/drummondltd.com\\\/en\\\/#website\"},\"primaryImageOfPage\":{\"@id\":\"https:\\\/\\\/drummondltd.com\\\/en\\\/sustainability\\\/sustainability-pillars\\\/environmental-performance\\\/air-quality\\\/#primaryimage\"},\"image\":{\"@id\":\"https:\\\/\\\/drummondltd.com\\\/en\\\/sustainability\\\/sustainability-pillars\\\/environmental-performance\\\/air-quality\\\/#primaryimage\"},\"thumbnailUrl\":\"https:\\\/\\\/drummondltd.com\\\/wp-content\\\/uploads\\\/2022\\\/06\\\/img-81-300x199.jpg\",\"datePublished\":\"2022-06-02T02:43:40+00:00\",\"dateModified\":\"2022-08-12T20:56:39+00:00\",\"breadcrumb\":{\"@id\":\"https:\\\/\\\/drummondltd.com\\\/en\\\/sustainability\\\/sustainability-pillars\\\/environmental-performance\\\/air-quality\\\/#breadcrumb\"},\"inLanguage\":\"en-US\",\"potentialAction\":[{\"@type\":\"ReadAction\",\"target\":[\"https:\\\/\\\/drummondltd.com\\\/en\\\/sustainability\\\/sustainability-pillars\\\/environmental-performance\\\/air-quality\\\/\"]}]},{\"@type\":\"ImageObject\",\"inLanguage\":\"en-US\",\"@id\":\"https:\\\/\\\/drummondltd.com\\\/en\\\/sustainability\\\/sustainability-pillars\\\/environmental-performance\\\/air-quality\\\/#primaryimage\",\"url\":\"https:\\\/\\\/drummondltd.com\\\/wp-content\\\/uploads\\\/2022\\\/06\\\/img-81-300x199.jpg\",\"contentUrl\":\"https:\\\/\\\/drummondltd.com\\\/wp-content\\\/uploads\\\/2022\\\/06\\\/img-81-300x199.jpg\"},{\"@type\":\"BreadcrumbList\",\"@id\":\"https:\\\/\\\/drummondltd.com\\\/en\\\/sustainability\\\/sustainability-pillars\\\/environmental-performance\\\/air-quality\\\/#breadcrumb\",\"itemListElement\":[{\"@type\":\"ListItem\",\"position\":1,\"name\":\"Home\",\"item\":\"https:\\\/\\\/drummondltd.com\\\/en\\\/\"},{\"@type\":\"ListItem\",\"position\":2,\"name\":\"Sustainability\",\"item\":\"https:\\\/\\\/drummondltd.com\\\/en\\\/sustainability\\\/\"},{\"@type\":\"ListItem\",\"position\":3,\"name\":\"Sustainability pillars\",\"item\":\"https:\\\/\\\/drummondltd.com\\\/en\\\/sustainability\\\/sustainability-pillars\\\/\"},{\"@type\":\"ListItem\",\"position\":4,\"name\":\"Environmental performance\",\"item\":\"https:\\\/\\\/drummondltd.com\\\/en\\\/sustainability\\\/sustainability-pillars\\\/environmental-performance\\\/\"},{\"@type\":\"ListItem\",\"position\":5,\"name\":\"Air quality\"}]},{\"@type\":\"WebSite\",\"@id\":\"https:\\\/\\\/drummondltd.com\\\/en\\\/#website\",\"url\":\"https:\\\/\\\/drummondltd.com\\\/en\\\/\",\"name\":\"Drummond Ltd.\",\"description\":\"Organizaci\u00f3n dedicada a la extracci\u00f3n, transporte y exportaci\u00f3n de carb\u00f3n\",\"publisher\":{\"@id\":\"https:\\\/\\\/drummondltd.com\\\/en\\\/#organization\"},\"potentialAction\":[{\"@type\":\"SearchAction\",\"target\":{\"@type\":\"EntryPoint\",\"urlTemplate\":\"https:\\\/\\\/drummondltd.com\\\/en\\\/?s={search_term_string}\"},\"query-input\":{\"@type\":\"PropertyValueSpecification\",\"valueRequired\":true,\"valueName\":\"search_term_string\"}}],\"inLanguage\":\"en-US\"},{\"@type\":\"Organization\",\"@id\":\"https:\\\/\\\/drummondltd.com\\\/en\\\/#organization\",\"name\":\"Drummond Ltd.\",\"url\":\"https:\\\/\\\/drummondltd.com\\\/en\\\/\",\"logo\":{\"@type\":\"ImageObject\",\"inLanguage\":\"en-US\",\"@id\":\"https:\\\/\\\/drummondltd.com\\\/en\\\/#\\\/schema\\\/logo\\\/image\\\/\",\"url\":\"https:\\\/\\\/5zm012.p3cdn1.secureserver.net\\\/wp-content\\\/uploads\\\/2022\\\/04\\\/logo-drummond-ldt.png?time=1730132405\",\"contentUrl\":\"https:\\\/\\\/5zm012.p3cdn1.secureserver.net\\\/wp-content\\\/uploads\\\/2022\\\/04\\\/logo-drummond-ldt.png?time=1730132405\",\"width\":1030,\"height\":300,\"caption\":\"Drummond Ltd.\"},\"image\":{\"@id\":\"https:\\\/\\\/drummondltd.com\\\/en\\\/#\\\/schema\\\/logo\\\/image\\\/\"}}]}<\/script>\n<!-- \/ Yoast SEO plugin. -->","yoast_head_json":{"title":"Air quality - Drummond Ltd.","robots":{"index":"index","follow":"follow","max-snippet":"max-snippet:-1","max-image-preview":"max-image-preview:large","max-video-preview":"max-video-preview:-1"},"canonical":"https:\/\/drummondltd.com\/en\/sustainability\/sustainability-pillars\/environmental-performance\/air-quality\/","og_locale":"en_US","og_type":"article","og_title":"Air quality - Drummond Ltd.","og_description":"Environmental performance Air quality Air quality in any open pit mining operation is one of the biggest environmental challenges. At Drummond, we understand this as a challenge that requires permanent evolution and, therefore, we have implemented different strategies to prevent, control and mitigate the emission of particulate matter, as well as to maintain air quality [&hellip;]","og_url":"https:\/\/drummondltd.com\/en\/sustainability\/sustainability-pillars\/environmental-performance\/air-quality\/","og_site_name":"Drummond Ltd.","article_modified_time":"2022-08-12T20:56:39+00:00","og_image":[{"url":"https:\/\/drummondltd.com\/wp-content\/uploads\/2022\/06\/img-81-300x199.jpg","type":"","width":"","height":""}],"twitter_card":"summary_large_image","twitter_misc":{"Est. reading time":"2 minutes"},"schema":{"@context":"https:\/\/schema.org","@graph":[{"@type":"WebPage","@id":"https:\/\/drummondltd.com\/en\/sustainability\/sustainability-pillars\/environmental-performance\/air-quality\/","url":"https:\/\/drummondltd.com\/en\/sustainability\/sustainability-pillars\/environmental-performance\/air-quality\/","name":"Air quality - Drummond Ltd.","isPartOf":{"@id":"https:\/\/drummondltd.com\/en\/#website"},"primaryImageOfPage":{"@id":"https:\/\/drummondltd.com\/en\/sustainability\/sustainability-pillars\/environmental-performance\/air-quality\/#primaryimage"},"image":{"@id":"https:\/\/drummondltd.com\/en\/sustainability\/sustainability-pillars\/environmental-performance\/air-quality\/#primaryimage"},"thumbnailUrl":"https:\/\/drummondltd.com\/wp-content\/uploads\/2022\/06\/img-81-300x199.jpg","datePublished":"2022-06-02T02:43:40+00:00","dateModified":"2022-08-12T20:56:39+00:00","breadcrumb":{"@id":"https:\/\/drummondltd.com\/en\/sustainability\/sustainability-pillars\/environmental-performance\/air-quality\/#breadcrumb"},"inLanguage":"en-US","potentialAction":[{"@type":"ReadAction","target":["https:\/\/drummondltd.com\/en\/sustainability\/sustainability-pillars\/environmental-performance\/air-quality\/"]}]},{"@type":"ImageObject","inLanguage":"en-US","@id":"https:\/\/drummondltd.com\/en\/sustainability\/sustainability-pillars\/environmental-performance\/air-quality\/#primaryimage","url":"https:\/\/drummondltd.com\/wp-content\/uploads\/2022\/06\/img-81-300x199.jpg","contentUrl":"https:\/\/drummondltd.com\/wp-content\/uploads\/2022\/06\/img-81-300x199.jpg"},{"@type":"BreadcrumbList","@id":"https:\/\/drummondltd.com\/en\/sustainability\/sustainability-pillars\/environmental-performance\/air-quality\/#breadcrumb","itemListElement":[{"@type":"ListItem","position":1,"name":"Home","item":"https:\/\/drummondltd.com\/en\/"},{"@type":"ListItem","position":2,"name":"Sustainability","item":"https:\/\/drummondltd.com\/en\/sustainability\/"},{"@type":"ListItem","position":3,"name":"Sustainability pillars","item":"https:\/\/drummondltd.com\/en\/sustainability\/sustainability-pillars\/"},{"@type":"ListItem","position":4,"name":"Environmental performance","item":"https:\/\/drummondltd.com\/en\/sustainability\/sustainability-pillars\/environmental-performance\/"},{"@type":"ListItem","position":5,"name":"Air quality"}]},{"@type":"WebSite","@id":"https:\/\/drummondltd.com\/en\/#website","url":"https:\/\/drummondltd.com\/en\/","name":"Drummond Ltd.","description":"Organizaci\u00f3n dedicada a la extracci\u00f3n, transporte y exportaci\u00f3n de carb\u00f3n","publisher":{"@id":"https:\/\/drummondltd.com\/en\/#organization"},"potentialAction":[{"@type":"SearchAction","target":{"@type":"EntryPoint","urlTemplate":"https:\/\/drummondltd.com\/en\/?s={search_term_string}"},"query-input":{"@type":"PropertyValueSpecification","valueRequired":true,"valueName":"search_term_string"}}],"inLanguage":"en-US"},{"@type":"Organization","@id":"https:\/\/drummondltd.com\/en\/#organization","name":"Drummond Ltd.","url":"https:\/\/drummondltd.com\/en\/","logo":{"@type":"ImageObject","inLanguage":"en-US","@id":"https:\/\/drummondltd.com\/en\/#\/schema\/logo\/image\/","url":"https:\/\/5zm012.p3cdn1.secureserver.net\/wp-content\/uploads\/2022\/04\/logo-drummond-ldt.png?time=1730132405","contentUrl":"https:\/\/5zm012.p3cdn1.secureserver.net\/wp-content\/uploads\/2022\/04\/logo-drummond-ldt.png?time=1730132405","width":1030,"height":300,"caption":"Drummond Ltd."},"image":{"@id":"https:\/\/drummondltd.com\/en\/#\/schema\/logo\/image\/"}}]}},"_links":{"self":[{"href":"https:\/\/drummondltd.com\/en\/wp-json\/wp\/v2\/pages\/9501","targetHints":{"allow":["GET"]}}],"collection":[{"href":"https:\/\/drummondltd.com\/en\/wp-json\/wp\/v2\/pages"}],"about":[{"href":"https:\/\/drummondltd.com\/en\/wp-json\/wp\/v2\/types\/page"}],"author":[{"embeddable":true,"href":"https:\/\/drummondltd.com\/en\/wp-json\/wp\/v2\/users\/1"}],"replies":[{"embeddable":true,"href":"https:\/\/drummondltd.com\/en\/wp-json\/wp\/v2\/comments?post=9501"}],"version-history":[{"count":3,"href":"https:\/\/drummondltd.com\/en\/wp-json\/wp\/v2\/pages\/9501\/revisions"}],"predecessor-version":[{"id":9709,"href":"https:\/\/drummondltd.com\/en\/wp-json\/wp\/v2\/pages\/9501\/revisions\/9709"}],"up":[{"embeddable":true,"href":"https:\/\/drummondltd.com\/en\/wp-json\/wp\/v2\/pages\/9505"}],"wp:attachment":[{"href":"https:\/\/drummondltd.com\/en\/wp-json\/wp\/v2\/media?parent=9501"}],"curies":[{"name":"wp","href":"https:\/\/api.w.org\/{rel}","templated":true}]}}