{"id":9497,"date":"2022-01-28T11:34:46","date_gmt":"2022-01-28T16:34:46","guid":{"rendered":"https:\/\/drummondltd.com\/governance-for-development\/"},"modified":"2025-10-22T18:36:55","modified_gmt":"2025-10-22T23:36:55","slug":"governance-for-development","status":"publish","type":"page","link":"https:\/\/drummondltd.com\/en\/sustainability\/sustainability-pillars\/governance-for-development\/","title":{"rendered":"Governance for development"},"content":{"rendered":"\t\t<div data-elementor-type=\"wp-page\" data-elementor-id=\"9497\" class=\"elementor elementor-9497 elementor-2281\" data-elementor-post-type=\"page\">\n\t\t\t\t<div class=\"elementor-element elementor-element-8709c00 hero e-flex e-con-boxed e-con e-parent\" data-id=\"8709c00\" data-element_type=\"container\" data-settings=\"{&quot;background_background&quot;:&quot;classic&quot;}\">\n\t\t\t\t\t<div class=\"e-con-inner\">\n\t\t<div class=\"elementor-element elementor-element-31431a36 e-con-full hero__content e-flex e-con e-parent\" data-id=\"31431a36\" data-element_type=\"container\">\n\t\t\t\t<div class=\"elementor-element elementor-element-5d170d62 hero__subheading elementor-widget elementor-widget-heading\" data-id=\"5d170d62\" data-element_type=\"widget\" data-widget_type=\"heading.default\">\n\t\t\t\t<div class=\"elementor-widget-container\">\n\t\t\t<style>\/*! elementor - v3.23.0 - 25-07-2024 *\/\n.elementor-heading-title{padding:0;margin:0;line-height:1}.elementor-widget-heading .elementor-heading-title[class*=elementor-size-]>a{color:inherit;font-size:inherit;line-height:inherit}.elementor-widget-heading .elementor-heading-title.elementor-size-small{font-size:15px}.elementor-widget-heading .elementor-heading-title.elementor-size-medium{font-size:19px}.elementor-widget-heading .elementor-heading-title.elementor-size-large{font-size:29px}.elementor-widget-heading .elementor-heading-title.elementor-size-xl{font-size:39px}.elementor-widget-heading .elementor-heading-title.elementor-size-xxl{font-size:59px}<\/style><p class=\"elementor-heading-title elementor-size-default\">Sustainability Pillars<\/p>\t\t<\/div>\n\t\t\t\t<\/div>\n\t\t\t\t<div class=\"elementor-element elementor-element-119b90ba hero__title elementor-widget elementor-widget-heading\" data-id=\"119b90ba\" data-element_type=\"widget\" data-widget_type=\"heading.default\">\n\t\t\t\t<div class=\"elementor-widget-container\">\n\t\t\t<h2 class=\"elementor-heading-title elementor-size-default\">Gobernabilidad\n<b>para el desarrollo<\/b><\/h2>\t\t<\/div>\n\t\t\t\t<\/div>\n\t\t\t\t<div class=\"elementor-element elementor-element-9bd7b63 hero__description elementor-widget elementor-widget-text-editor\" data-id=\"9bd7b63\" data-element_type=\"widget\" data-widget_type=\"text-editor.default\">\n\t\t\t\t<div class=\"elementor-widget-container\">\n\t\t\t<style>\/*! elementor - v3.23.0 - 25-07-2024 *\/\n.elementor-widget-text-editor.elementor-drop-cap-view-stacked .elementor-drop-cap{background-color:#69727d;color:#fff}.elementor-widget-text-editor.elementor-drop-cap-view-framed .elementor-drop-cap{color:#69727d;border:3px solid;background-color:transparent}.elementor-widget-text-editor:not(.elementor-drop-cap-view-default) .elementor-drop-cap{margin-top:8px}.elementor-widget-text-editor:not(.elementor-drop-cap-view-default) .elementor-drop-cap-letter{width:1em;height:1em}.elementor-widget-text-editor .elementor-drop-cap{float:left;text-align:center;line-height:1;font-size:50px}.elementor-widget-text-editor .elementor-drop-cap-letter{display:inline-block}<\/style>\t\t\t\t<p>Estamos ocmprometidos con el fortalecimiento de las capacidades locales para una mayor eficiencia en la planeaci\u00f3n y la gesti\u00f3n publica en nuestra \u00e1rea de influencia.<\/p>\n\t\t\t\t\t\t<\/div>\n\t\t\t\t<\/div>\n\t\t\t\t<\/div>\n\t\t\t\t\t<\/div>\n\t\t\t\t<\/div>\n\t\t\t\t<section class=\"elementor-section elementor-top-section elementor-element elementor-element-44be8ca elementor-reverse-mobile elementor-section-boxed elementor-section-height-default elementor-section-height-default\" data-id=\"44be8ca\" data-element_type=\"section\">\n\t\t\t\t\t\t<div class=\"elementor-container elementor-column-gap-default\">\n\t\t\t\t\t<div class=\"elementor-column elementor-col-50 elementor-top-column elementor-element elementor-element-7c56846\" data-id=\"7c56846\" data-element_type=\"column\">\n\t\t\t<div class=\"elementor-widget-wrap elementor-element-populated\">\n\t\t\t\t\t\t<div class=\"elementor-element elementor-element-e9adb82 elementor-widget elementor-widget-text-editor\" data-id=\"e9adb82\" data-element_type=\"widget\" data-widget_type=\"text-editor.default\">\n\t\t\t\t<div class=\"elementor-widget-container\">\n\t\t\t\t\t\t\t<p>We strengthen local capacities for greater efficiency in planning and public management.<\/p>\n<p><b>Areas of action:<\/b><\/p>\n<ul>\n<li>Transparency and public oversight<\/li>\n<li>EITI<\/li>\n<li>CSIR<\/li>\n<li>Business Ethics Program<\/li>\n<li>Institutional and community strengthening<\/li>\n<li>Training for development<\/li>\n<li>Program for adaptation and provision of institutional and community infrastructure<\/li>\n<\/ul>\n\t\t\t\t\t\t<\/div>\n\t\t\t\t<\/div>\n\t\t\t\t\t<\/div>\n\t\t<\/div>\n\t\t\t\t<div class=\"elementor-column elementor-col-50 elementor-top-column elementor-element elementor-element-57258c5\" data-id=\"57258c5\" data-element_type=\"column\">\n\t\t\t<div class=\"elementor-widget-wrap elementor-element-populated\">\n\t\t\t\t\t\t<div class=\"elementor-element elementor-element-5e731d3 elementor-widget elementor-widget-image\" data-id=\"5e731d3\" data-element_type=\"widget\" data-widget_type=\"image.default\">\n\t\t\t\t<div class=\"elementor-widget-container\">\n\t\t\t<style>\/*! elementor - v3.23.0 - 25-07-2024 *\/\n.elementor-widget-image{text-align:center}.elementor-widget-image a{display:inline-block}.elementor-widget-image a img[src$=\".svg\"]{width:48px}.elementor-widget-image img{vertical-align:middle;display:inline-block}<\/style>\t\t\t\t\t\t\t\t\t\t<img fetchpriority=\"high\" decoding=\"async\" width=\"1024\" height=\"707\" src=\"https:\/\/drummondltd.com\/wp-content\/uploads\/2022\/02\/img-41.jpg\" class=\"attachment-full size-full wp-image-7657\" alt=\"\" srcset=\"https:\/\/drummondltd.com\/wp-content\/uploads\/2022\/02\/img-41.jpg 1024w, https:\/\/drummondltd.com\/wp-content\/uploads\/2022\/02\/img-41-300x207.jpg 300w, https:\/\/drummondltd.com\/wp-content\/uploads\/2022\/02\/img-41-768x530.jpg 768w\" sizes=\"(max-width: 1024px) 100vw, 1024px\" \/>\t\t\t\t\t\t\t\t\t\t\t\t\t<\/div>\n\t\t\t\t<\/div>\n\t\t\t\t\t<\/div>\n\t\t<\/div>\n\t\t\t\t\t<\/div>\n\t\t<\/section>\n\t\t\t\t<section class=\"elementor-section elementor-top-section elementor-element elementor-element-3525b6d7 elementor-section-full_width elementor-section-height-min-height elementor-section-items-stretch elementor-section-content-middle elementor-reverse-mobile elementor-section-height-default\" data-id=\"3525b6d7\" data-element_type=\"section\" data-settings=\"{&quot;background_background&quot;:&quot;classic&quot;}\">\n\t\t\t\t\t\t<div class=\"elementor-container elementor-column-gap-default\">\n\t\t\t\t\t<div class=\"elementor-column elementor-col-50 elementor-top-column elementor-element elementor-element-68966bb0\" data-id=\"68966bb0\" data-element_type=\"column\">\n\t\t\t<div class=\"elementor-widget-wrap elementor-element-populated\">\n\t\t\t\t\t\t<div class=\"elementor-element elementor-element-b0daccf elementor-widget elementor-widget-image\" data-id=\"b0daccf\" data-element_type=\"widget\" data-widget_type=\"image.default\">\n\t\t\t\t<div class=\"elementor-widget-container\">\n\t\t\t\t\t\t\t\t\t\t\t\t\t<img decoding=\"async\" width=\"1920\" height=\"1280\" src=\"https:\/\/drummondltd.com\/wp-content\/uploads\/2022\/02\/img-42.jpg\" class=\"attachment-full size-full wp-image-7658\" alt=\"\" srcset=\"https:\/\/drummondltd.com\/wp-content\/uploads\/2022\/02\/img-42.jpg 1920w, https:\/\/drummondltd.com\/wp-content\/uploads\/2022\/02\/img-42-300x200.jpg 300w, https:\/\/drummondltd.com\/wp-content\/uploads\/2022\/02\/img-42-1024x683.jpg 1024w, https:\/\/drummondltd.com\/wp-content\/uploads\/2022\/02\/img-42-768x512.jpg 768w, https:\/\/drummondltd.com\/wp-content\/uploads\/2022\/02\/img-42-1536x1024.jpg 1536w\" sizes=\"(max-width: 1920px) 100vw, 1920px\" \/>\t\t\t\t\t\t\t\t\t\t\t\t\t<\/div>\n\t\t\t\t<\/div>\n\t\t\t\t\t<\/div>\n\t\t<\/div>\n\t\t\t\t<div class=\"elementor-column elementor-col-50 elementor-top-column elementor-element elementor-element-2b2b9dbe\" data-id=\"2b2b9dbe\" data-element_type=\"column\">\n\t\t\t<div class=\"elementor-widget-wrap elementor-element-populated\">\n\t\t\t\t\t\t<section class=\"elementor-section elementor-inner-section elementor-element elementor-element-4cbfe014 elementor-section-boxed elementor-section-height-default elementor-section-height-default\" data-id=\"4cbfe014\" data-element_type=\"section\">\n\t\t\t\t\t\t<div class=\"elementor-container elementor-column-gap-default\">\n\t\t\t\t\t<div class=\"elementor-column elementor-col-100 elementor-inner-column elementor-element elementor-element-56d53f01\" data-id=\"56d53f01\" data-element_type=\"column\">\n\t\t\t<div class=\"elementor-widget-wrap elementor-element-populated\">\n\t\t\t\t\t\t<div class=\"elementor-element elementor-element-6ef241d3 elementor-widget elementor-widget-heading\" data-id=\"6ef241d3\" data-element_type=\"widget\" data-widget_type=\"heading.default\">\n\t\t\t\t<div class=\"elementor-widget-container\">\n\t\t\t<h2 class=\"elementor-heading-title elementor-size-default\">Contribution to the\n<b>Sustainable Development Goals<\/b><\/h2>\t\t<\/div>\n\t\t\t\t<\/div>\n\t\t\t\t<div class=\"elementor-element elementor-element-652c4ea3 elementor-widget elementor-widget-text-editor\" data-id=\"652c4ea3\" data-element_type=\"widget\" data-widget_type=\"text-editor.default\">\n\t\t\t\t<div class=\"elementor-widget-container\">\n\t\t\t\t\t\t\t<p>From the Governance for Development pillar, we contribute to the objective of Peace, justice and solid institutions.<\/p>\n<h3>In figures<\/h3>\n<ul>\n<li>We continue with our effective linkage to the EITI initiative by providing relevant information.<\/li>\n<li>We continue to provide the CSIR with the necessary logistical support to carry out regional oversight and monitoring of royalty investments.<\/li>\n<li>Signing of the Resettlement Action Plan -PAR- in the community of Hatillo, El Paso, Cesar.<\/li>\n<li>140 people employed directly and with contractor companies in the resettlement communities.<\/li>\n<\/ul>\n\t\t\t\t\t\t<\/div>\n\t\t\t\t<\/div>\n\t\t\t\t\t<\/div>\n\t\t<\/div>\n\t\t\t\t\t<\/div>\n\t\t<\/section>\n\t\t\t\t\t<\/div>\n\t\t<\/div>\n\t\t\t\t\t<\/div>\n\t\t<\/section>\n\t\t\t\t<\/div>\n\t\t","protected":false},"excerpt":{"rendered":"<p>Sustainability Pillars Gobernabilidad para el desarrollo Estamos ocmprometidos con el fortalecimiento de las capacidades locales para una mayor eficiencia en la planeaci\u00f3n y la gesti\u00f3n publica en nuestra \u00e1rea de influencia. We strengthen local capacities for greater efficiency in planning and public management. Areas of action: Transparency and public oversight EITI CSIR Business Ethics Program [&hellip;]<\/p>\n","protected":false},"author":1,"featured_media":7656,"parent":9533,"menu_order":3,"comment_status":"closed","ping_status":"closed","template":"","meta":{"_acf_changed":false,"footnotes":""},"class_list":["post-9497","page","type-page","status-publish","has-post-thumbnail","hentry"],"acf":[],"yoast_head":"<!-- This site is optimized with the Yoast SEO plugin v27.6 - https:\/\/yoast.com\/product\/yoast-seo-wordpress\/ -->\n<title>Governance for development - Drummond Ltd.<\/title>\n<meta name=\"robots\" content=\"index, follow, max-snippet:-1, max-image-preview:large, max-video-preview:-1\" \/>\n<link rel=\"canonical\" href=\"https:\/\/drummondltd.com\/en\/sustainability\/sustainability-pillars\/governance-for-development\/\" \/>\n<meta property=\"og:locale\" content=\"en_US\" \/>\n<meta property=\"og:type\" content=\"article\" \/>\n<meta property=\"og:title\" content=\"Governance for development - Drummond Ltd.\" \/>\n<meta property=\"og:description\" content=\"Sustainability Pillars Gobernabilidad para el desarrollo Estamos ocmprometidos con el fortalecimiento de las capacidades locales para una mayor eficiencia en la planeaci\u00f3n y la gesti\u00f3n publica en nuestra \u00e1rea de influencia. We strengthen local capacities for greater efficiency in planning and public management. Areas of action: Transparency and public oversight EITI CSIR Business Ethics Program [&hellip;]\" \/>\n<meta property=\"og:url\" content=\"https:\/\/drummondltd.com\/en\/sustainability\/sustainability-pillars\/governance-for-development\/\" \/>\n<meta property=\"og:site_name\" content=\"Drummond Ltd.\" \/>\n<meta property=\"article:modified_time\" content=\"2025-10-22T23:36:55+00:00\" \/>\n<meta property=\"og:image\" content=\"https:\/\/drummondltd.com\/wp-content\/uploads\/2022\/02\/img-40.jpg\" \/>\n\t<meta property=\"og:image:width\" content=\"1920\" \/>\n\t<meta property=\"og:image:height\" content=\"1280\" \/>\n\t<meta property=\"og:image:type\" content=\"image\/jpeg\" \/>\n<meta name=\"twitter:card\" content=\"summary_large_image\" \/>\n<meta name=\"twitter:label1\" content=\"Est. reading time\" \/>\n\t<meta name=\"twitter:data1\" content=\"1 minute\" \/>\n<script type=\"application\/ld+json\" class=\"yoast-schema-graph\">{\"@context\":\"https:\\\/\\\/schema.org\",\"@graph\":[{\"@type\":\"WebPage\",\"@id\":\"https:\\\/\\\/drummondltd.com\\\/en\\\/sustainability\\\/sustainability-pillars\\\/governance-for-development\\\/\",\"url\":\"https:\\\/\\\/drummondltd.com\\\/en\\\/sustainability\\\/sustainability-pillars\\\/governance-for-development\\\/\",\"name\":\"Governance for development - Drummond Ltd.\",\"isPartOf\":{\"@id\":\"https:\\\/\\\/drummondltd.com\\\/en\\\/#website\"},\"primaryImageOfPage\":{\"@id\":\"https:\\\/\\\/drummondltd.com\\\/en\\\/sustainability\\\/sustainability-pillars\\\/governance-for-development\\\/#primaryimage\"},\"image\":{\"@id\":\"https:\\\/\\\/drummondltd.com\\\/en\\\/sustainability\\\/sustainability-pillars\\\/governance-for-development\\\/#primaryimage\"},\"thumbnailUrl\":\"https:\\\/\\\/drummondltd.com\\\/wp-content\\\/uploads\\\/2022\\\/02\\\/img-40.jpg\",\"datePublished\":\"2022-01-28T16:34:46+00:00\",\"dateModified\":\"2025-10-22T23:36:55+00:00\",\"breadcrumb\":{\"@id\":\"https:\\\/\\\/drummondltd.com\\\/en\\\/sustainability\\\/sustainability-pillars\\\/governance-for-development\\\/#breadcrumb\"},\"inLanguage\":\"en-US\",\"potentialAction\":[{\"@type\":\"ReadAction\",\"target\":[\"https:\\\/\\\/drummondltd.com\\\/en\\\/sustainability\\\/sustainability-pillars\\\/governance-for-development\\\/\"]}]},{\"@type\":\"ImageObject\",\"inLanguage\":\"en-US\",\"@id\":\"https:\\\/\\\/drummondltd.com\\\/en\\\/sustainability\\\/sustainability-pillars\\\/governance-for-development\\\/#primaryimage\",\"url\":\"https:\\\/\\\/drummondltd.com\\\/wp-content\\\/uploads\\\/2022\\\/02\\\/img-40.jpg\",\"contentUrl\":\"https:\\\/\\\/drummondltd.com\\\/wp-content\\\/uploads\\\/2022\\\/02\\\/img-40.jpg\",\"width\":1920,\"height\":1280},{\"@type\":\"BreadcrumbList\",\"@id\":\"https:\\\/\\\/drummondltd.com\\\/en\\\/sustainability\\\/sustainability-pillars\\\/governance-for-development\\\/#breadcrumb\",\"itemListElement\":[{\"@type\":\"ListItem\",\"position\":1,\"name\":\"Home\",\"item\":\"https:\\\/\\\/drummondltd.com\\\/en\\\/\"},{\"@type\":\"ListItem\",\"position\":2,\"name\":\"Sustainability\",\"item\":\"https:\\\/\\\/drummondltd.com\\\/en\\\/sustainability\\\/\"},{\"@type\":\"ListItem\",\"position\":3,\"name\":\"Sustainability pillars\",\"item\":\"https:\\\/\\\/drummondltd.com\\\/en\\\/sustainability\\\/sustainability-pillars\\\/\"},{\"@type\":\"ListItem\",\"position\":4,\"name\":\"Governance for development\"}]},{\"@type\":\"WebSite\",\"@id\":\"https:\\\/\\\/drummondltd.com\\\/en\\\/#website\",\"url\":\"https:\\\/\\\/drummondltd.com\\\/en\\\/\",\"name\":\"Drummond Ltd.\",\"description\":\"Organizaci\u00f3n dedicada a la extracci\u00f3n, transporte y exportaci\u00f3n de carb\u00f3n\",\"publisher\":{\"@id\":\"https:\\\/\\\/drummondltd.com\\\/en\\\/#organization\"},\"potentialAction\":[{\"@type\":\"SearchAction\",\"target\":{\"@type\":\"EntryPoint\",\"urlTemplate\":\"https:\\\/\\\/drummondltd.com\\\/en\\\/?s={search_term_string}\"},\"query-input\":{\"@type\":\"PropertyValueSpecification\",\"valueRequired\":true,\"valueName\":\"search_term_string\"}}],\"inLanguage\":\"en-US\"},{\"@type\":\"Organization\",\"@id\":\"https:\\\/\\\/drummondltd.com\\\/en\\\/#organization\",\"name\":\"Drummond Ltd.\",\"url\":\"https:\\\/\\\/drummondltd.com\\\/en\\\/\",\"logo\":{\"@type\":\"ImageObject\",\"inLanguage\":\"en-US\",\"@id\":\"https:\\\/\\\/drummondltd.com\\\/en\\\/#\\\/schema\\\/logo\\\/image\\\/\",\"url\":\"https:\\\/\\\/5zm012.p3cdn1.secureserver.net\\\/wp-content\\\/uploads\\\/2022\\\/04\\\/logo-drummond-ldt.png?time=1730132405\",\"contentUrl\":\"https:\\\/\\\/5zm012.p3cdn1.secureserver.net\\\/wp-content\\\/uploads\\\/2022\\\/04\\\/logo-drummond-ldt.png?time=1730132405\",\"width\":1030,\"height\":300,\"caption\":\"Drummond Ltd.\"},\"image\":{\"@id\":\"https:\\\/\\\/drummondltd.com\\\/en\\\/#\\\/schema\\\/logo\\\/image\\\/\"}}]}<\/script>\n<!-- \/ Yoast SEO plugin. -->","yoast_head_json":{"title":"Governance for development - Drummond Ltd.","robots":{"index":"index","follow":"follow","max-snippet":"max-snippet:-1","max-image-preview":"max-image-preview:large","max-video-preview":"max-video-preview:-1"},"canonical":"https:\/\/drummondltd.com\/en\/sustainability\/sustainability-pillars\/governance-for-development\/","og_locale":"en_US","og_type":"article","og_title":"Governance for development - Drummond Ltd.","og_description":"Sustainability Pillars Gobernabilidad para el desarrollo Estamos ocmprometidos con el fortalecimiento de las capacidades locales para una mayor eficiencia en la planeaci\u00f3n y la gesti\u00f3n publica en nuestra \u00e1rea de influencia. We strengthen local capacities for greater efficiency in planning and public management. Areas of action: Transparency and public oversight EITI CSIR Business Ethics Program [&hellip;]","og_url":"https:\/\/drummondltd.com\/en\/sustainability\/sustainability-pillars\/governance-for-development\/","og_site_name":"Drummond Ltd.","article_modified_time":"2025-10-22T23:36:55+00:00","og_image":[{"width":1920,"height":1280,"url":"https:\/\/drummondltd.com\/wp-content\/uploads\/2022\/02\/img-40.jpg","type":"image\/jpeg"}],"twitter_card":"summary_large_image","twitter_misc":{"Est. reading time":"1 minute"},"schema":{"@context":"https:\/\/schema.org","@graph":[{"@type":"WebPage","@id":"https:\/\/drummondltd.com\/en\/sustainability\/sustainability-pillars\/governance-for-development\/","url":"https:\/\/drummondltd.com\/en\/sustainability\/sustainability-pillars\/governance-for-development\/","name":"Governance for development - Drummond Ltd.","isPartOf":{"@id":"https:\/\/drummondltd.com\/en\/#website"},"primaryImageOfPage":{"@id":"https:\/\/drummondltd.com\/en\/sustainability\/sustainability-pillars\/governance-for-development\/#primaryimage"},"image":{"@id":"https:\/\/drummondltd.com\/en\/sustainability\/sustainability-pillars\/governance-for-development\/#primaryimage"},"thumbnailUrl":"https:\/\/drummondltd.com\/wp-content\/uploads\/2022\/02\/img-40.jpg","datePublished":"2022-01-28T16:34:46+00:00","dateModified":"2025-10-22T23:36:55+00:00","breadcrumb":{"@id":"https:\/\/drummondltd.com\/en\/sustainability\/sustainability-pillars\/governance-for-development\/#breadcrumb"},"inLanguage":"en-US","potentialAction":[{"@type":"ReadAction","target":["https:\/\/drummondltd.com\/en\/sustainability\/sustainability-pillars\/governance-for-development\/"]}]},{"@type":"ImageObject","inLanguage":"en-US","@id":"https:\/\/drummondltd.com\/en\/sustainability\/sustainability-pillars\/governance-for-development\/#primaryimage","url":"https:\/\/drummondltd.com\/wp-content\/uploads\/2022\/02\/img-40.jpg","contentUrl":"https:\/\/drummondltd.com\/wp-content\/uploads\/2022\/02\/img-40.jpg","width":1920,"height":1280},{"@type":"BreadcrumbList","@id":"https:\/\/drummondltd.com\/en\/sustainability\/sustainability-pillars\/governance-for-development\/#breadcrumb","itemListElement":[{"@type":"ListItem","position":1,"name":"Home","item":"https:\/\/drummondltd.com\/en\/"},{"@type":"ListItem","position":2,"name":"Sustainability","item":"https:\/\/drummondltd.com\/en\/sustainability\/"},{"@type":"ListItem","position":3,"name":"Sustainability pillars","item":"https:\/\/drummondltd.com\/en\/sustainability\/sustainability-pillars\/"},{"@type":"ListItem","position":4,"name":"Governance for development"}]},{"@type":"WebSite","@id":"https:\/\/drummondltd.com\/en\/#website","url":"https:\/\/drummondltd.com\/en\/","name":"Drummond Ltd.","description":"Organizaci\u00f3n dedicada a la extracci\u00f3n, transporte y exportaci\u00f3n de carb\u00f3n","publisher":{"@id":"https:\/\/drummondltd.com\/en\/#organization"},"potentialAction":[{"@type":"SearchAction","target":{"@type":"EntryPoint","urlTemplate":"https:\/\/drummondltd.com\/en\/?s={search_term_string}"},"query-input":{"@type":"PropertyValueSpecification","valueRequired":true,"valueName":"search_term_string"}}],"inLanguage":"en-US"},{"@type":"Organization","@id":"https:\/\/drummondltd.com\/en\/#organization","name":"Drummond Ltd.","url":"https:\/\/drummondltd.com\/en\/","logo":{"@type":"ImageObject","inLanguage":"en-US","@id":"https:\/\/drummondltd.com\/en\/#\/schema\/logo\/image\/","url":"https:\/\/5zm012.p3cdn1.secureserver.net\/wp-content\/uploads\/2022\/04\/logo-drummond-ldt.png?time=1730132405","contentUrl":"https:\/\/5zm012.p3cdn1.secureserver.net\/wp-content\/uploads\/2022\/04\/logo-drummond-ldt.png?time=1730132405","width":1030,"height":300,"caption":"Drummond Ltd."},"image":{"@id":"https:\/\/drummondltd.com\/en\/#\/schema\/logo\/image\/"}}]}},"_links":{"self":[{"href":"https:\/\/drummondltd.com\/en\/wp-json\/wp\/v2\/pages\/9497","targetHints":{"allow":["GET"]}}],"collection":[{"href":"https:\/\/drummondltd.com\/en\/wp-json\/wp\/v2\/pages"}],"about":[{"href":"https:\/\/drummondltd.com\/en\/wp-json\/wp\/v2\/types\/page"}],"author":[{"embeddable":true,"href":"https:\/\/drummondltd.com\/en\/wp-json\/wp\/v2\/users\/1"}],"replies":[{"embeddable":true,"href":"https:\/\/drummondltd.com\/en\/wp-json\/wp\/v2\/comments?post=9497"}],"version-history":[{"count":6,"href":"https:\/\/drummondltd.com\/en\/wp-json\/wp\/v2\/pages\/9497\/revisions"}],"predecessor-version":[{"id":20016,"href":"https:\/\/drummondltd.com\/en\/wp-json\/wp\/v2\/pages\/9497\/revisions\/20016"}],"up":[{"embeddable":true,"href":"https:\/\/drummondltd.com\/en\/wp-json\/wp\/v2\/pages\/9533"}],"wp:featuredmedia":[{"embeddable":true,"href":"https:\/\/drummondltd.com\/en\/wp-json\/wp\/v2\/media\/7656"}],"wp:attachment":[{"href":"https:\/\/drummondltd.com\/en\/wp-json\/wp\/v2\/media?parent=9497"}],"curies":[{"name":"wp","href":"https:\/\/api.w.org\/{rel}","templated":true}]}}