{"id":9475,"date":"2022-01-19T15:34:31","date_gmt":"2022-01-19T20:34:31","guid":{"rendered":"https:\/\/drummondltd.com\/education-and-training\/"},"modified":"2023-05-30T09:54:55","modified_gmt":"2023-05-30T14:54:55","slug":"education-and-training","status":"publish","type":"page","link":"https:\/\/drummondltd.com\/en\/our-company\/human-talent\/education-and-training\/","title":{"rendered":"Education and training"},"content":{"rendered":"\t\t<div data-elementor-type=\"wp-page\" data-elementor-id=\"9475\" class=\"elementor elementor-9475 elementor-1597\" data-elementor-post-type=\"page\">\n\t\t\t\t<div class=\"elementor-element elementor-element-32362b86 hero e-flex e-con-boxed e-con e-parent\" data-id=\"32362b86\" data-element_type=\"container\" data-settings=\"{&quot;background_background&quot;:&quot;classic&quot;}\">\n\t\t\t\t\t<div class=\"e-con-inner\">\n\t\t<div class=\"elementor-element elementor-element-22e1babe e-con-full hero__content e-flex e-con e-parent\" data-id=\"22e1babe\" data-element_type=\"container\">\n\t\t\t\t<div class=\"elementor-element elementor-element-44a959a hero__subheading elementor-widget elementor-widget-heading\" data-id=\"44a959a\" data-element_type=\"widget\" data-widget_type=\"heading.default\">\n\t\t\t\t<div class=\"elementor-widget-container\">\n\t\t\t<style>\/*! elementor - v3.23.0 - 25-07-2024 *\/\n.elementor-heading-title{padding:0;margin:0;line-height:1}.elementor-widget-heading .elementor-heading-title[class*=elementor-size-]>a{color:inherit;font-size:inherit;line-height:inherit}.elementor-widget-heading .elementor-heading-title.elementor-size-small{font-size:15px}.elementor-widget-heading .elementor-heading-title.elementor-size-medium{font-size:19px}.elementor-widget-heading .elementor-heading-title.elementor-size-large{font-size:29px}.elementor-widget-heading .elementor-heading-title.elementor-size-xl{font-size:39px}.elementor-widget-heading .elementor-heading-title.elementor-size-xxl{font-size:59px}<\/style><p class=\"elementor-heading-title elementor-size-default\">Trabajadores<\/p>\t\t<\/div>\n\t\t\t\t<\/div>\n\t\t\t\t<div class=\"elementor-element elementor-element-35f492de hero__title elementor-widget elementor-widget-heading\" data-id=\"35f492de\" data-element_type=\"widget\" data-widget_type=\"heading.default\">\n\t\t\t\t<div class=\"elementor-widget-container\">\n\t\t\t<h2 class=\"elementor-heading-title elementor-size-default\">Formamos y desarrollamos\n<b>nuestro talento humano<\/b><\/h2>\t\t<\/div>\n\t\t\t\t<\/div>\n\t\t\t\t<div class=\"elementor-element elementor-element-318babd8 hero__description elementor-widget elementor-widget-text-editor\" data-id=\"318babd8\" data-element_type=\"widget\" data-widget_type=\"text-editor.default\">\n\t\t\t\t<div class=\"elementor-widget-container\">\n\t\t\t<style>\/*! elementor - v3.23.0 - 25-07-2024 *\/\n.elementor-widget-text-editor.elementor-drop-cap-view-stacked .elementor-drop-cap{background-color:#69727d;color:#fff}.elementor-widget-text-editor.elementor-drop-cap-view-framed .elementor-drop-cap{color:#69727d;border:3px solid;background-color:transparent}.elementor-widget-text-editor:not(.elementor-drop-cap-view-default) .elementor-drop-cap{margin-top:8px}.elementor-widget-text-editor:not(.elementor-drop-cap-view-default) .elementor-drop-cap-letter{width:1em;height:1em}.elementor-widget-text-editor .elementor-drop-cap{float:left;text-align:center;line-height:1;font-size:50px}.elementor-widget-text-editor .elementor-drop-cap-letter{display:inline-block}<\/style>\t\t\t\t<p>Drummond Ltd. trabaja porque exista sinergia entre sus \u00e1reas, con el objetivo de tener una estrategia robusta y que articule los procesos de la operaci\u00f3n. Los departamentos de Entrenamiento, Seguridad Industrial, Salud Ocupacional, Recursos Humanos y Ambiental trabajan de manera conjunta.<\/p>\n\t\t\t\t\t\t<\/div>\n\t\t\t\t<\/div>\n\t\t\t\t<\/div>\n\t\t\t\t\t<\/div>\n\t\t\t\t<\/div>\n\t\t\t\t<section class=\"elementor-section elementor-top-section elementor-element elementor-element-a5f2787 elementor-section-boxed elementor-section-height-default elementor-section-height-default\" data-id=\"a5f2787\" data-element_type=\"section\">\n\t\t\t\t\t\t<div class=\"elementor-container elementor-column-gap-default\">\n\t\t\t\t\t<div class=\"elementor-column elementor-col-100 elementor-top-column elementor-element elementor-element-d65cc26\" data-id=\"d65cc26\" data-element_type=\"column\">\n\t\t\t<div class=\"elementor-widget-wrap elementor-element-populated\">\n\t\t\t\t\t\t<div class=\"elementor-element elementor-element-dd3f616 elementor-widget elementor-widget-heading\" data-id=\"dd3f616\" data-element_type=\"widget\" data-widget_type=\"heading.default\">\n\t\t\t\t<div class=\"elementor-widget-container\">\n\t\t\t<h3 class=\"elementor-heading-title elementor-size-default\">Managing human talent through training and coaching is essential, since, in addition to providing workers with new knowledge tools, <b>it improves the quality of the operation.<\/b><\/h3>\t\t<\/div>\n\t\t\t\t<\/div>\n\t\t\t\t\t<\/div>\n\t\t<\/div>\n\t\t\t\t\t<\/div>\n\t\t<\/section>\n\t\t\t\t<section class=\"elementor-section elementor-top-section elementor-element elementor-element-bebbf63 elementor-reverse-mobile elementor-section-boxed elementor-section-height-default elementor-section-height-default\" data-id=\"bebbf63\" data-element_type=\"section\">\n\t\t\t\t\t\t<div class=\"elementor-container elementor-column-gap-default\">\n\t\t\t\t\t<div class=\"elementor-column elementor-col-50 elementor-top-column elementor-element elementor-element-30c623e\" data-id=\"30c623e\" data-element_type=\"column\">\n\t\t\t<div class=\"elementor-widget-wrap elementor-element-populated\">\n\t\t\t\t\t\t<div class=\"elementor-element elementor-element-0233a01 elementor-widget elementor-widget-text-editor\" data-id=\"0233a01\" data-element_type=\"widget\" data-widget_type=\"text-editor.default\">\n\t\t\t\t<div class=\"elementor-widget-container\">\n\t\t\t\t\t\t\t<p>Activities and training are designed according to the requirements of the profiles, ranks and roles of the organization, with technical and academic training in the field, and in some cases with studies abroad, as well as lectures at the work site and occupational health and safety campaigns.<\/p>\n<p>Drummond Ltd. has several training centers, one at the mining operations and another at the port, where technical and operational training is provided to improve the skills of its employees and prepare them to perform their duties safely.<\/p>\n\t\t\t\t\t\t<\/div>\n\t\t\t\t<\/div>\n\t\t\t\t\t<\/div>\n\t\t<\/div>\n\t\t\t\t<div class=\"elementor-column elementor-col-50 elementor-top-column elementor-element elementor-element-d86bee4\" data-id=\"d86bee4\" data-element_type=\"column\">\n\t\t\t<div class=\"elementor-widget-wrap elementor-element-populated\">\n\t\t\t\t\t\t<div class=\"elementor-element elementor-element-d6ea5b3 elementor-widget elementor-widget-image\" data-id=\"d6ea5b3\" data-element_type=\"widget\" data-widget_type=\"image.default\">\n\t\t\t\t<div class=\"elementor-widget-container\">\n\t\t\t<style>\/*! elementor - v3.23.0 - 25-07-2024 *\/\n.elementor-widget-image{text-align:center}.elementor-widget-image a{display:inline-block}.elementor-widget-image a img[src$=\".svg\"]{width:48px}.elementor-widget-image img{vertical-align:middle;display:inline-block}<\/style>\t\t\t\t\t\t\t\t\t\t<img fetchpriority=\"high\" decoding=\"async\" width=\"1920\" height=\"1080\" src=\"https:\/\/drummondltd.com\/wp-content\/uploads\/2022\/01\/img-18.jpg\" class=\"attachment-full size-full wp-image-7616\" alt=\"\" srcset=\"https:\/\/drummondltd.com\/wp-content\/uploads\/2022\/01\/img-18.jpg 1920w, https:\/\/drummondltd.com\/wp-content\/uploads\/2022\/01\/img-18-300x169.jpg 300w, https:\/\/drummondltd.com\/wp-content\/uploads\/2022\/01\/img-18-1024x576.jpg 1024w, https:\/\/drummondltd.com\/wp-content\/uploads\/2022\/01\/img-18-768x432.jpg 768w, https:\/\/drummondltd.com\/wp-content\/uploads\/2022\/01\/img-18-1536x864.jpg 1536w\" sizes=\"(max-width: 1920px) 100vw, 1920px\" \/>\t\t\t\t\t\t\t\t\t\t\t\t\t<\/div>\n\t\t\t\t<\/div>\n\t\t\t\t\t<\/div>\n\t\t<\/div>\n\t\t\t\t\t<\/div>\n\t\t<\/section>\n\t\t\t\t<section class=\"elementor-section elementor-top-section elementor-element elementor-element-f2efe99 elementor-section-boxed elementor-section-height-default elementor-section-height-default\" data-id=\"f2efe99\" data-element_type=\"section\" data-settings=\"{&quot;background_background&quot;:&quot;classic&quot;}\">\n\t\t\t\t\t\t<div class=\"elementor-container elementor-column-gap-default\">\n\t\t\t\t\t<div class=\"elementor-column elementor-col-100 elementor-top-column elementor-element elementor-element-c40f29c\" data-id=\"c40f29c\" data-element_type=\"column\" data-settings=\"{&quot;background_background&quot;:&quot;classic&quot;}\">\n\t\t\t<div class=\"elementor-widget-wrap elementor-element-populated\">\n\t\t\t\t\t\t<div class=\"elementor-element elementor-element-0ec85c3 elementor-widget elementor-widget-heading\" data-id=\"0ec85c3\" data-element_type=\"widget\" data-widget_type=\"heading.default\">\n\t\t\t\t<div class=\"elementor-widget-container\">\n\t\t\t<h2 class=\"elementor-heading-title elementor-size-default\">Our training\n<b>approach<\/b><\/h2>\t\t<\/div>\n\t\t\t\t<\/div>\n\t\t\t\t<div class=\"elementor-element elementor-element-7c2b7fd elementor-widget elementor-widget-shortcode\" data-id=\"7c2b7fd\" data-element_type=\"widget\" data-widget_type=\"shortcode.default\">\n\t\t\t\t<div class=\"elementor-widget-container\">\n\t\t\t\t\t<div class=\"elementor-shortcode\"><\/div>\n\t\t\t\t<\/div>\n\t\t\t\t<\/div>\n\t\t\t\t\t<\/div>\n\t\t<\/div>\n\t\t\t\t\t<\/div>\n\t\t<\/section>\n\t\t\t\t<\/div>\n\t\t","protected":false},"excerpt":{"rendered":"<p>Trabajadores Formamos y desarrollamos nuestro talento humano Drummond Ltd. trabaja porque exista sinergia entre sus \u00e1reas, con el objetivo de tener una estrategia robusta y que articule los procesos de la operaci\u00f3n. Los departamentos de Entrenamiento, Seguridad Industrial, Salud Ocupacional, Recursos Humanos y Ambiental trabajan de manera conjunta. Managing human talent through training and coaching [&hellip;]<\/p>\n","protected":false},"author":1,"featured_media":10132,"parent":9523,"menu_order":1,"comment_status":"closed","ping_status":"closed","template":"","meta":{"_acf_changed":false,"footnotes":""},"class_list":["post-9475","page","type-page","status-publish","has-post-thumbnail","hentry"],"acf":[],"yoast_head":"<!-- This site is optimized with the Yoast SEO plugin v27.4 - https:\/\/yoast.com\/product\/yoast-seo-wordpress\/ -->\n<title>Education and training - Drummond Ltd.<\/title>\n<meta name=\"robots\" content=\"index, follow, max-snippet:-1, max-image-preview:large, max-video-preview:-1\" \/>\n<link rel=\"canonical\" href=\"https:\/\/drummondltd.com\/en\/our-company\/human-talent\/education-and-training\/\" \/>\n<meta property=\"og:locale\" content=\"en_US\" \/>\n<meta property=\"og:type\" content=\"article\" \/>\n<meta property=\"og:title\" content=\"Education and training - Drummond Ltd.\" \/>\n<meta property=\"og:description\" content=\"Trabajadores Formamos y desarrollamos nuestro talento humano Drummond Ltd. trabaja porque exista sinergia entre sus \u00e1reas, con el objetivo de tener una estrategia robusta y que articule los procesos de la operaci\u00f3n. Los departamentos de Entrenamiento, Seguridad Industrial, Salud Ocupacional, Recursos Humanos y Ambiental trabajan de manera conjunta. Managing human talent through training and coaching [&hellip;]\" \/>\n<meta property=\"og:url\" content=\"https:\/\/drummondltd.com\/en\/our-company\/human-talent\/education-and-training\/\" \/>\n<meta property=\"og:site_name\" content=\"Drummond Ltd.\" \/>\n<meta property=\"article:modified_time\" content=\"2023-05-30T14:54:55+00:00\" \/>\n<meta property=\"og:image\" content=\"https:\/\/drummondltd.com\/wp-content\/uploads\/2022\/08\/IMG_7216.jpg\" \/>\n\t<meta property=\"og:image:width\" content=\"1600\" \/>\n\t<meta property=\"og:image:height\" content=\"1067\" \/>\n\t<meta property=\"og:image:type\" content=\"image\/jpeg\" \/>\n<meta name=\"twitter:card\" content=\"summary_large_image\" \/>\n<meta name=\"twitter:label1\" content=\"Est. reading time\" \/>\n\t<meta name=\"twitter:data1\" content=\"1 minute\" \/>\n<script type=\"application\/ld+json\" class=\"yoast-schema-graph\">{\"@context\":\"https:\\\/\\\/schema.org\",\"@graph\":[{\"@type\":\"WebPage\",\"@id\":\"https:\\\/\\\/drummondltd.com\\\/en\\\/our-company\\\/human-talent\\\/education-and-training\\\/\",\"url\":\"https:\\\/\\\/drummondltd.com\\\/en\\\/our-company\\\/human-talent\\\/education-and-training\\\/\",\"name\":\"Education and training - Drummond Ltd.\",\"isPartOf\":{\"@id\":\"https:\\\/\\\/drummondltd.com\\\/en\\\/#website\"},\"primaryImageOfPage\":{\"@id\":\"https:\\\/\\\/drummondltd.com\\\/en\\\/our-company\\\/human-talent\\\/education-and-training\\\/#primaryimage\"},\"image\":{\"@id\":\"https:\\\/\\\/drummondltd.com\\\/en\\\/our-company\\\/human-talent\\\/education-and-training\\\/#primaryimage\"},\"thumbnailUrl\":\"https:\\\/\\\/drummondltd.com\\\/wp-content\\\/uploads\\\/2022\\\/08\\\/IMG_7216.jpg\",\"datePublished\":\"2022-01-19T20:34:31+00:00\",\"dateModified\":\"2023-05-30T14:54:55+00:00\",\"breadcrumb\":{\"@id\":\"https:\\\/\\\/drummondltd.com\\\/en\\\/our-company\\\/human-talent\\\/education-and-training\\\/#breadcrumb\"},\"inLanguage\":\"en-US\",\"potentialAction\":[{\"@type\":\"ReadAction\",\"target\":[\"https:\\\/\\\/drummondltd.com\\\/en\\\/our-company\\\/human-talent\\\/education-and-training\\\/\"]}]},{\"@type\":\"ImageObject\",\"inLanguage\":\"en-US\",\"@id\":\"https:\\\/\\\/drummondltd.com\\\/en\\\/our-company\\\/human-talent\\\/education-and-training\\\/#primaryimage\",\"url\":\"https:\\\/\\\/drummondltd.com\\\/wp-content\\\/uploads\\\/2022\\\/08\\\/IMG_7216.jpg\",\"contentUrl\":\"https:\\\/\\\/drummondltd.com\\\/wp-content\\\/uploads\\\/2022\\\/08\\\/IMG_7216.jpg\",\"width\":1600,\"height\":1067},{\"@type\":\"BreadcrumbList\",\"@id\":\"https:\\\/\\\/drummondltd.com\\\/en\\\/our-company\\\/human-talent\\\/education-and-training\\\/#breadcrumb\",\"itemListElement\":[{\"@type\":\"ListItem\",\"position\":1,\"name\":\"Home\",\"item\":\"https:\\\/\\\/drummondltd.com\\\/en\\\/\"},{\"@type\":\"ListItem\",\"position\":2,\"name\":\"Our Company\",\"item\":\"https:\\\/\\\/drummondltd.com\\\/en\\\/our-company\\\/\"},{\"@type\":\"ListItem\",\"position\":3,\"name\":\"Human talent\",\"item\":\"https:\\\/\\\/drummondltd.com\\\/en\\\/nuestra-compania\\\/talento-humano\\\/\"},{\"@type\":\"ListItem\",\"position\":4,\"name\":\"Education and training\"}]},{\"@type\":\"WebSite\",\"@id\":\"https:\\\/\\\/drummondltd.com\\\/en\\\/#website\",\"url\":\"https:\\\/\\\/drummondltd.com\\\/en\\\/\",\"name\":\"Drummond Ltd.\",\"description\":\"Organizaci\u00f3n dedicada a la extracci\u00f3n, transporte y exportaci\u00f3n de carb\u00f3n\",\"publisher\":{\"@id\":\"https:\\\/\\\/drummondltd.com\\\/en\\\/#organization\"},\"potentialAction\":[{\"@type\":\"SearchAction\",\"target\":{\"@type\":\"EntryPoint\",\"urlTemplate\":\"https:\\\/\\\/drummondltd.com\\\/en\\\/?s={search_term_string}\"},\"query-input\":{\"@type\":\"PropertyValueSpecification\",\"valueRequired\":true,\"valueName\":\"search_term_string\"}}],\"inLanguage\":\"en-US\"},{\"@type\":\"Organization\",\"@id\":\"https:\\\/\\\/drummondltd.com\\\/en\\\/#organization\",\"name\":\"Drummond Ltd.\",\"url\":\"https:\\\/\\\/drummondltd.com\\\/en\\\/\",\"logo\":{\"@type\":\"ImageObject\",\"inLanguage\":\"en-US\",\"@id\":\"https:\\\/\\\/drummondltd.com\\\/en\\\/#\\\/schema\\\/logo\\\/image\\\/\",\"url\":\"https:\\\/\\\/5zm012.p3cdn1.secureserver.net\\\/wp-content\\\/uploads\\\/2022\\\/04\\\/logo-drummond-ldt.png?time=1730132405\",\"contentUrl\":\"https:\\\/\\\/5zm012.p3cdn1.secureserver.net\\\/wp-content\\\/uploads\\\/2022\\\/04\\\/logo-drummond-ldt.png?time=1730132405\",\"width\":1030,\"height\":300,\"caption\":\"Drummond Ltd.\"},\"image\":{\"@id\":\"https:\\\/\\\/drummondltd.com\\\/en\\\/#\\\/schema\\\/logo\\\/image\\\/\"}}]}<\/script>\n<!-- \/ Yoast SEO plugin. -->","yoast_head_json":{"title":"Education and training - Drummond Ltd.","robots":{"index":"index","follow":"follow","max-snippet":"max-snippet:-1","max-image-preview":"max-image-preview:large","max-video-preview":"max-video-preview:-1"},"canonical":"https:\/\/drummondltd.com\/en\/our-company\/human-talent\/education-and-training\/","og_locale":"en_US","og_type":"article","og_title":"Education and training - Drummond Ltd.","og_description":"Trabajadores Formamos y desarrollamos nuestro talento humano Drummond Ltd. trabaja porque exista sinergia entre sus \u00e1reas, con el objetivo de tener una estrategia robusta y que articule los procesos de la operaci\u00f3n. Los departamentos de Entrenamiento, Seguridad Industrial, Salud Ocupacional, Recursos Humanos y Ambiental trabajan de manera conjunta. Managing human talent through training and coaching [&hellip;]","og_url":"https:\/\/drummondltd.com\/en\/our-company\/human-talent\/education-and-training\/","og_site_name":"Drummond Ltd.","article_modified_time":"2023-05-30T14:54:55+00:00","og_image":[{"width":1600,"height":1067,"url":"https:\/\/drummondltd.com\/wp-content\/uploads\/2022\/08\/IMG_7216.jpg","type":"image\/jpeg"}],"twitter_card":"summary_large_image","twitter_misc":{"Est. reading time":"1 minute"},"schema":{"@context":"https:\/\/schema.org","@graph":[{"@type":"WebPage","@id":"https:\/\/drummondltd.com\/en\/our-company\/human-talent\/education-and-training\/","url":"https:\/\/drummondltd.com\/en\/our-company\/human-talent\/education-and-training\/","name":"Education and training - Drummond Ltd.","isPartOf":{"@id":"https:\/\/drummondltd.com\/en\/#website"},"primaryImageOfPage":{"@id":"https:\/\/drummondltd.com\/en\/our-company\/human-talent\/education-and-training\/#primaryimage"},"image":{"@id":"https:\/\/drummondltd.com\/en\/our-company\/human-talent\/education-and-training\/#primaryimage"},"thumbnailUrl":"https:\/\/drummondltd.com\/wp-content\/uploads\/2022\/08\/IMG_7216.jpg","datePublished":"2022-01-19T20:34:31+00:00","dateModified":"2023-05-30T14:54:55+00:00","breadcrumb":{"@id":"https:\/\/drummondltd.com\/en\/our-company\/human-talent\/education-and-training\/#breadcrumb"},"inLanguage":"en-US","potentialAction":[{"@type":"ReadAction","target":["https:\/\/drummondltd.com\/en\/our-company\/human-talent\/education-and-training\/"]}]},{"@type":"ImageObject","inLanguage":"en-US","@id":"https:\/\/drummondltd.com\/en\/our-company\/human-talent\/education-and-training\/#primaryimage","url":"https:\/\/drummondltd.com\/wp-content\/uploads\/2022\/08\/IMG_7216.jpg","contentUrl":"https:\/\/drummondltd.com\/wp-content\/uploads\/2022\/08\/IMG_7216.jpg","width":1600,"height":1067},{"@type":"BreadcrumbList","@id":"https:\/\/drummondltd.com\/en\/our-company\/human-talent\/education-and-training\/#breadcrumb","itemListElement":[{"@type":"ListItem","position":1,"name":"Home","item":"https:\/\/drummondltd.com\/en\/"},{"@type":"ListItem","position":2,"name":"Our Company","item":"https:\/\/drummondltd.com\/en\/our-company\/"},{"@type":"ListItem","position":3,"name":"Human talent","item":"https:\/\/drummondltd.com\/en\/nuestra-compania\/talento-humano\/"},{"@type":"ListItem","position":4,"name":"Education and training"}]},{"@type":"WebSite","@id":"https:\/\/drummondltd.com\/en\/#website","url":"https:\/\/drummondltd.com\/en\/","name":"Drummond Ltd.","description":"Organizaci\u00f3n dedicada a la extracci\u00f3n, transporte y exportaci\u00f3n de carb\u00f3n","publisher":{"@id":"https:\/\/drummondltd.com\/en\/#organization"},"potentialAction":[{"@type":"SearchAction","target":{"@type":"EntryPoint","urlTemplate":"https:\/\/drummondltd.com\/en\/?s={search_term_string}"},"query-input":{"@type":"PropertyValueSpecification","valueRequired":true,"valueName":"search_term_string"}}],"inLanguage":"en-US"},{"@type":"Organization","@id":"https:\/\/drummondltd.com\/en\/#organization","name":"Drummond Ltd.","url":"https:\/\/drummondltd.com\/en\/","logo":{"@type":"ImageObject","inLanguage":"en-US","@id":"https:\/\/drummondltd.com\/en\/#\/schema\/logo\/image\/","url":"https:\/\/5zm012.p3cdn1.secureserver.net\/wp-content\/uploads\/2022\/04\/logo-drummond-ldt.png?time=1730132405","contentUrl":"https:\/\/5zm012.p3cdn1.secureserver.net\/wp-content\/uploads\/2022\/04\/logo-drummond-ldt.png?time=1730132405","width":1030,"height":300,"caption":"Drummond Ltd."},"image":{"@id":"https:\/\/drummondltd.com\/en\/#\/schema\/logo\/image\/"}}]}},"_links":{"self":[{"href":"https:\/\/drummondltd.com\/en\/wp-json\/wp\/v2\/pages\/9475","targetHints":{"allow":["GET"]}}],"collection":[{"href":"https:\/\/drummondltd.com\/en\/wp-json\/wp\/v2\/pages"}],"about":[{"href":"https:\/\/drummondltd.com\/en\/wp-json\/wp\/v2\/types\/page"}],"author":[{"embeddable":true,"href":"https:\/\/drummondltd.com\/en\/wp-json\/wp\/v2\/users\/1"}],"replies":[{"embeddable":true,"href":"https:\/\/drummondltd.com\/en\/wp-json\/wp\/v2\/comments?post=9475"}],"version-history":[{"count":30,"href":"https:\/\/drummondltd.com\/en\/wp-json\/wp\/v2\/pages\/9475\/revisions"}],"predecessor-version":[{"id":12669,"href":"https:\/\/drummondltd.com\/en\/wp-json\/wp\/v2\/pages\/9475\/revisions\/12669"}],"up":[{"embeddable":true,"href":"https:\/\/drummondltd.com\/en\/wp-json\/wp\/v2\/pages\/9523"}],"wp:featuredmedia":[{"embeddable":true,"href":"https:\/\/drummondltd.com\/en\/wp-json\/wp\/v2\/media\/10132"}],"wp:attachment":[{"href":"https:\/\/drummondltd.com\/en\/wp-json\/wp\/v2\/media?parent=9475"}],"curies":[{"name":"wp","href":"https:\/\/api.w.org\/{rel}","templated":true}]}}