{"id":9443,"date":"2022-04-29T08:44:08","date_gmt":"2022-04-29T13:44:08","guid":{"rendered":"https:\/\/drummondltd.com\/multimedia\/"},"modified":"2022-08-12T15:56:07","modified_gmt":"2022-08-12T20:56:07","slug":"multimedia","status":"publish","type":"page","link":"https:\/\/drummondltd.com\/en\/multimedia\/","title":{"rendered":"Multimedia"},"content":{"rendered":"\t\t<div data-elementor-type=\"wp-page\" data-elementor-id=\"9443\" class=\"elementor elementor-9443 elementor-4877\" data-elementor-post-type=\"page\">\n\t\t\t\t\t\t<section class=\"elementor-section elementor-top-section elementor-element elementor-element-c37294e elementor-section-height-min-height elementor-section-boxed elementor-section-height-default elementor-section-items-middle\" data-id=\"c37294e\" data-element_type=\"section\">\n\t\t\t\t\t\t<div class=\"elementor-container elementor-column-gap-default\">\n\t\t\t\t\t<div class=\"elementor-column elementor-col-100 elementor-top-column elementor-element elementor-element-29953e5\" data-id=\"29953e5\" data-element_type=\"column\">\n\t\t\t<div class=\"elementor-widget-wrap elementor-element-populated\">\n\t\t\t\t\t\t<div class=\"elementor-element elementor-element-d87a79b elementor-widget elementor-widget-shortcode\" data-id=\"d87a79b\" data-element_type=\"widget\" data-widget_type=\"shortcode.default\">\n\t\t\t\t<div class=\"elementor-widget-container\">\n\t\t\t\t\t<div class=\"elementor-shortcode\">\n            <div \n                class=\"elfsight-widget-youtube-gallery elfsight-widget\" \n                data-elfsight-youtube-gallery-options=\"%7B%22channel%22%3A%22https%3A%5C%2F%5C%2Fyoutube.com%5C%2Fchannel%5C%2FUCe74cw8slmy4DVtnoOltm-g%22%2C%22sourceGroups%22%3Anull%2C%22headerVisible%22%3Atrue%2C%22headerLayout%22%3A%22classic%22%2C%22headerInfo%22%3A%5B%22logo%22%2C%22banner%22%2C%22channelName%22%2C%22videosCounter%22%2C%22viewsCounter%22%2C%22subscribeButton%22%5D%2C%22headerChannelName%22%3Anull%2C%22headerChannelDescription%22%3Anull%2C%22headerChannelLogo%22%3Anull%2C%22headerChannelBanner%22%3Anull%2C%22contentColumns%22%3A3%2C%22contentRows%22%3A3%2C%22contentGutter%22%3A20%2C%22contentResponsive%22%3A%5B%7B%22minWidth%22%3A375%2C%22columns%22%3A1%2C%22rows%22%3A1%2C%22gutter%22%3A%2220%22%7D%2C%7B%22minWidth%22%3A768%2C%22columns%22%3A2%2C%22rows%22%3A1%2C%22gutter%22%3A%2220%22%7D%5D%2C%22width%22%3A%22auto%22%2C%22videoLayout%22%3A%22classic%22%2C%22videoInfo%22%3A%5B%22playIcon%22%2C%22duration%22%2C%22title%22%2C%22date%22%2C%22description%22%2C%22viewsCounter%22%2C%22likesCounter%22%2C%22commentsCounter%22%5D%2C%22videoPlayMode%22%3A%22popup%22%2C%22popupInfo%22%3A%5B%22title%22%2C%22channelLogo%22%2C%22channelName%22%2C%22subscribeButton%22%2C%22viewsCounter%22%2C%22likesCounter%22%2C%22dislikesCounter%22%2C%22likesRatio%22%2C%22share%22%2C%22date%22%2C%22description%22%2C%22descriptionMoreButton%22%2C%22comments%22%5D%2C%22popupAutoplay%22%3Atrue%2C%22contentDirection%22%3A%22horizontal%22%2C%22contentArrowsControl%22%3Atrue%2C%22contentScrollControl%22%3Afalse%2C%22contentDragControl%22%3Atrue%2C%22contentPaginationControl%22%3Atrue%2C%22contentScrollbar%22%3Afalse%2C%22contentSearch%22%3Afalse%2C%22contentDivider1%22%3Anull%2C%22contentTransitionSpeed%22%3A600%2C%22contentTransitionEffect%22%3A%22slide%22%2C%22contentFreeMode%22%3Afalse%2C%22contentDivider2%22%3Anull%2C%22contentAuto%22%3A0%2C%22contentAutoPauseOnHover%22%3Afalse%2C%22colorScheme%22%3A%22custom%22%2C%22colorHeaderBg%22%3A%22rgb%28250%2C%20250%2C%20250%29%22%2C%22colorHeaderBannerOverlay%22%3A%22rgba%28255%2C%20255%2C%20255%2C%200.92%29%22%2C%22colorHeaderChannelName%22%3A%22rgb%2817%2C%2017%2C%2017%29%22%2C%22colorHeaderChannelNameHover%22%3A%22rgb%2817%2C%2017%2C%2017%29%22%2C%22colorHeaderChannelDescription%22%3A%22rgb%2817%2C%2017%2C%2017%29%22%2C%22colorHeaderAnchor%22%3A%22rgb%2817%2C%2017%2C%2017%29%22%2C%22colorHeaderAnchorHover%22%3A%22rgb%2817%2C%2017%2C%2017%29%22%2C%22colorHeaderCounters%22%3A%22rgba%2817%2C%2017%2C%2017%2C%200.7%29%22%2C%22colorGroupsBg%22%3A%22rgb%28250%2C%20250%2C%20250%29%22%2C%22colorGroupsLink%22%3A%22rgb%2817%2C%2017%2C%2017%2C%200.5%29%22%2C%22colorGroupsLinkHover%22%3A%22rgb%2817%2C%2017%2C%2017%29%22%2C%22colorGroupsLinkActive%22%3A%22rgb%2817%2C%2017%2C%2017%29%22%2C%22colorGroupsHighlightHover%22%3A%22rgb%2817%2C%2017%2C%2017%29%22%2C%22colorGroupsHighlightActive%22%3A%22rgb%2817%2C%2017%2C%2017%29%22%2C%22colorVideoBg%22%3A%22rgb%28255%2C%20255%2C%20255%29%22%2C%22colorVideoOverlay%22%3A%22rgba%28255%2C%20255%2C%20255%2C%200.95%29%22%2C%22colorVideoPlayIcon%22%3A%22rgba%28227%2C%2025%2C%2055%2C%200.7%29%22%2C%22colorVideoPlayIconHover%22%3A%22rgba%28227%2C%2025%2C%2055%2C%200.9%29%22%2C%22colorVideoDuration%22%3A%22rgb%28255%2C%20255%2C%20255%29%22%2C%22colorVideoDurationBg%22%3A%22rgba%2834%2C%2034%2C%2034%2C%200.81%29%22%2C%22colorVideoTitle%22%3A%22rgb%2817%2C%2017%2C%2017%29%22%2C%22colorVideoTitleHover%22%3A%22rgb%2817%2C%2017%2C%2017%29%22%2C%22colorVideoDate%22%3A%22rgba%2817%2C%2017%2C%2017%2C%200.7%29%22%2C%22colorVideoDescription%22%3A%22rgb%2817%2C%2017%2C%2017%29%22%2C%22colorVideoAnchor%22%3A%22rgb%28227%2C%2025%2C%2055%29%22%2C%22colorVideoAnchorHover%22%3A%22rgb%28227%2C%2025%2C%2055%29%22%2C%22colorVideoCounters%22%3A%22rgba%2817%2C%2017%2C%2017%2C%200.7%29%22%2C%22colorPopupBg%22%3A%22rgb%28255%2C%20255%2C%20255%29%22%2C%22colorPopupAnchor%22%3A%22rgb%2826%2C%20137%2C%20222%29%22%2C%22colorPopupAnchorHover%22%3A%22rgb%2847%2C%20165%2C%20255%29%22%2C%22colorPopupOverlay%22%3A%22rgba%280%2C%200%2C%200%2C%200.7%29%22%2C%22colorPopupTitle%22%3A%22rgb%2817%2C%2017%2C%2017%29%22%2C%22colorPopupChannelName%22%3A%22rgb%2817%2C%2017%2C%2017%29%22%2C%22colorPopupChannelNameHover%22%3A%22rgb%2817%2C%2017%2C%2017%29%22%2C%22colorPopupViewsCounter%22%3A%22rgba%2817%2C%2017%2C%2017%2C%200.7%29%22%2C%22colorPopupLikesRatio%22%3A%22rgb%2847%2C%20165%2C%20255%29%22%2C%22colorPopupDislikesRatio%22%3A%22rgb%28207%2C%20207%2C%20207%29%22%2C%22colorPopupLikesCounter%22%3A%22rgba%2817%2C%2017%2C%2017%2C%200.5%29%22%2C%22colorPopupDislikesCounter%22%3A%22rgba%2817%2C%2017%2C%2017%2C%200.5%29%22%2C%22colorPopupShare%22%3A%22rgba%2817%2C%2017%2C%2017%2C%200.5%29%22%2C%22colorPopupDate%22%3A%22rgb%2817%2C%2017%2C%2017%29%22%2C%22colorPopupDescription%22%3A%22rgb%2817%2C%2017%2C%2017%29%22%2C%22colorPopupDescriptionMoreButton%22%3A%22rgba%2817%2C%2017%2C%2017%2C%200.5%29%22%2C%22colorPopupDescriptionMoreButtonHover%22%3A%22rgba%2817%2C%2017%2C%2017%2C%200.7%29%22%2C%22colorPopupCommentsUsername%22%3A%22rgb%2817%2C%2017%2C%2017%29%22%2C%22colorPopupCommentsUsernameHover%22%3A%22rgb%2817%2C%2017%2C%2017%29%22%2C%22colorPopupCommentsPassedTime%22%3A%22rgb%28115%2C%20115%2C%20115%29%22%2C%22colorPopupCommentsLikes%22%3A%22rgb%28180%2C%20180%2C%20180%29%22%2C%22colorPopupCommentsText%22%3A%22rgb%2817%2C%2017%2C%2017%29%22%2C%22colorPopupControls%22%3A%22rgb%28160%2C%20160%2C%20160%29%22%2C%22colorPopupControlsHover%22%3A%22rgb%28220%2C%20220%2C%20220%29%22%2C%22colorPopupControlsMobile%22%3A%22rgb%28220%2C%20220%2C%20220%29%22%2C%22colorPopupControlsMobileBg%22%3A%22rgba%28255%2C%20255%2C%20255%2C%200%29%22%2C%22colorContentBg%22%3A%22rgb%28255%2C%20255%2C%20255%29%22%2C%22colorContentArrows%22%3A%22rgb%28255%2C%20255%2C%20255%29%22%2C%22colorContentArrowsHover%22%3A%22rgb%28255%2C%20255%2C%20255%29%22%2C%22colorContentArrowsBg%22%3A%22rgba%28227%2C%2025%2C%2055%2C%200.7%29%22%2C%22colorContentArrowsBgHover%22%3A%22rgb%28227%2C%2025%2C%2055%29%22%2C%22colorContentScrollbarBg%22%3A%22rgb%28204%2C%20204%2C%20204%29%22%2C%22colorContentScrollbarSliderBg%22%3A%22rgba%280%2C%200%2C%200%2C%200.4%29%22%2C%22lang%22%3A%22es%22%2C%22adsClient%22%3Anull%2C%22adsSlotsContent%22%3Anull%2C%22adsSlotsPopup%22%3Anull%2C%22noCookies%22%3Anull%2C%22key%22%3A%22AIzaSyC9hATT3hiOptCouQUWGIRRn3lwWHUYKxU%22%2C%22apiUrl%22%3A%22https%3A%5C%2F%5C%2Fdrummondltd.com%5C%2Fen%5C%2Fwp-json%5C%2Felfsight-youtube-gallery%5C%2Fapi%22%2C%22widgetId%22%3A%221%22%7D\" \n                data-elfsight-youtube-gallery-version=\"3.5.0\"\n                data-elfsight-widget-id=\"elfsight-youtube-gallery-1\">\n            <\/div>\n            <\/div>\n\t\t\t\t<\/div>\n\t\t\t\t<\/div>\n\t\t\t\t\t<\/div>\n\t\t<\/div>\n\t\t\t\t\t<\/div>\n\t\t<\/section>\n\t\t\t\t<\/div>\n\t\t","protected":false},"excerpt":{"rendered":"","protected":false},"author":1,"featured_media":0,"parent":0,"menu_order":0,"comment_status":"closed","ping_status":"closed","template":"","meta":{"_acf_changed":false,"footnotes":""},"class_list":["post-9443","page","type-page","status-publish","hentry"],"acf":[],"yoast_head":"<!-- This site is optimized with the Yoast SEO plugin v27.4 - https:\/\/yoast.com\/product\/yoast-seo-wordpress\/ -->\n<title>Multimedia - Drummond Ltd.<\/title>\n<meta name=\"robots\" content=\"index, follow, max-snippet:-1, max-image-preview:large, max-video-preview:-1\" \/>\n<link rel=\"canonical\" href=\"https:\/\/drummondltd.com\/en\/multimedia\/\" \/>\n<meta property=\"og:locale\" content=\"en_US\" \/>\n<meta property=\"og:type\" content=\"article\" \/>\n<meta property=\"og:title\" content=\"Multimedia - Drummond Ltd.\" \/>\n<meta property=\"og:url\" content=\"https:\/\/drummondltd.com\/en\/multimedia\/\" \/>\n<meta property=\"og:site_name\" content=\"Drummond Ltd.\" \/>\n<meta property=\"article:modified_time\" content=\"2022-08-12T20:56:07+00:00\" \/>\n<meta name=\"twitter:card\" content=\"summary_large_image\" \/>\n<script type=\"application\/ld+json\" class=\"yoast-schema-graph\">{\"@context\":\"https:\\\/\\\/schema.org\",\"@graph\":[{\"@type\":\"WebPage\",\"@id\":\"https:\\\/\\\/drummondltd.com\\\/en\\\/multimedia\\\/\",\"url\":\"https:\\\/\\\/drummondltd.com\\\/en\\\/multimedia\\\/\",\"name\":\"Multimedia - Drummond Ltd.\",\"isPartOf\":{\"@id\":\"https:\\\/\\\/drummondltd.com\\\/en\\\/#website\"},\"datePublished\":\"2022-04-29T13:44:08+00:00\",\"dateModified\":\"2022-08-12T20:56:07+00:00\",\"breadcrumb\":{\"@id\":\"https:\\\/\\\/drummondltd.com\\\/en\\\/multimedia\\\/#breadcrumb\"},\"inLanguage\":\"en-US\",\"potentialAction\":[{\"@type\":\"ReadAction\",\"target\":[\"https:\\\/\\\/drummondltd.com\\\/en\\\/multimedia\\\/\"]}]},{\"@type\":\"BreadcrumbList\",\"@id\":\"https:\\\/\\\/drummondltd.com\\\/en\\\/multimedia\\\/#breadcrumb\",\"itemListElement\":[{\"@type\":\"ListItem\",\"position\":1,\"name\":\"Home\",\"item\":\"https:\\\/\\\/drummondltd.com\\\/en\\\/\"},{\"@type\":\"ListItem\",\"position\":2,\"name\":\"Multimedia\"}]},{\"@type\":\"WebSite\",\"@id\":\"https:\\\/\\\/drummondltd.com\\\/en\\\/#website\",\"url\":\"https:\\\/\\\/drummondltd.com\\\/en\\\/\",\"name\":\"Drummond Ltd.\",\"description\":\"Organizaci\u00f3n dedicada a la extracci\u00f3n, transporte y exportaci\u00f3n de carb\u00f3n\",\"publisher\":{\"@id\":\"https:\\\/\\\/drummondltd.com\\\/en\\\/#organization\"},\"potentialAction\":[{\"@type\":\"SearchAction\",\"target\":{\"@type\":\"EntryPoint\",\"urlTemplate\":\"https:\\\/\\\/drummondltd.com\\\/en\\\/?s={search_term_string}\"},\"query-input\":{\"@type\":\"PropertyValueSpecification\",\"valueRequired\":true,\"valueName\":\"search_term_string\"}}],\"inLanguage\":\"en-US\"},{\"@type\":\"Organization\",\"@id\":\"https:\\\/\\\/drummondltd.com\\\/en\\\/#organization\",\"name\":\"Drummond Ltd.\",\"url\":\"https:\\\/\\\/drummondltd.com\\\/en\\\/\",\"logo\":{\"@type\":\"ImageObject\",\"inLanguage\":\"en-US\",\"@id\":\"https:\\\/\\\/drummondltd.com\\\/en\\\/#\\\/schema\\\/logo\\\/image\\\/\",\"url\":\"https:\\\/\\\/5zm012.p3cdn1.secureserver.net\\\/wp-content\\\/uploads\\\/2022\\\/04\\\/logo-drummond-ldt.png?time=1730132405\",\"contentUrl\":\"https:\\\/\\\/5zm012.p3cdn1.secureserver.net\\\/wp-content\\\/uploads\\\/2022\\\/04\\\/logo-drummond-ldt.png?time=1730132405\",\"width\":1030,\"height\":300,\"caption\":\"Drummond Ltd.\"},\"image\":{\"@id\":\"https:\\\/\\\/drummondltd.com\\\/en\\\/#\\\/schema\\\/logo\\\/image\\\/\"}}]}<\/script>\n<!-- \/ Yoast SEO plugin. -->","yoast_head_json":{"title":"Multimedia - Drummond Ltd.","robots":{"index":"index","follow":"follow","max-snippet":"max-snippet:-1","max-image-preview":"max-image-preview:large","max-video-preview":"max-video-preview:-1"},"canonical":"https:\/\/drummondltd.com\/en\/multimedia\/","og_locale":"en_US","og_type":"article","og_title":"Multimedia - Drummond Ltd.","og_url":"https:\/\/drummondltd.com\/en\/multimedia\/","og_site_name":"Drummond Ltd.","article_modified_time":"2022-08-12T20:56:07+00:00","twitter_card":"summary_large_image","schema":{"@context":"https:\/\/schema.org","@graph":[{"@type":"WebPage","@id":"https:\/\/drummondltd.com\/en\/multimedia\/","url":"https:\/\/drummondltd.com\/en\/multimedia\/","name":"Multimedia - Drummond Ltd.","isPartOf":{"@id":"https:\/\/drummondltd.com\/en\/#website"},"datePublished":"2022-04-29T13:44:08+00:00","dateModified":"2022-08-12T20:56:07+00:00","breadcrumb":{"@id":"https:\/\/drummondltd.com\/en\/multimedia\/#breadcrumb"},"inLanguage":"en-US","potentialAction":[{"@type":"ReadAction","target":["https:\/\/drummondltd.com\/en\/multimedia\/"]}]},{"@type":"BreadcrumbList","@id":"https:\/\/drummondltd.com\/en\/multimedia\/#breadcrumb","itemListElement":[{"@type":"ListItem","position":1,"name":"Home","item":"https:\/\/drummondltd.com\/en\/"},{"@type":"ListItem","position":2,"name":"Multimedia"}]},{"@type":"WebSite","@id":"https:\/\/drummondltd.com\/en\/#website","url":"https:\/\/drummondltd.com\/en\/","name":"Drummond Ltd.","description":"Organizaci\u00f3n dedicada a la extracci\u00f3n, transporte y exportaci\u00f3n de carb\u00f3n","publisher":{"@id":"https:\/\/drummondltd.com\/en\/#organization"},"potentialAction":[{"@type":"SearchAction","target":{"@type":"EntryPoint","urlTemplate":"https:\/\/drummondltd.com\/en\/?s={search_term_string}"},"query-input":{"@type":"PropertyValueSpecification","valueRequired":true,"valueName":"search_term_string"}}],"inLanguage":"en-US"},{"@type":"Organization","@id":"https:\/\/drummondltd.com\/en\/#organization","name":"Drummond Ltd.","url":"https:\/\/drummondltd.com\/en\/","logo":{"@type":"ImageObject","inLanguage":"en-US","@id":"https:\/\/drummondltd.com\/en\/#\/schema\/logo\/image\/","url":"https:\/\/5zm012.p3cdn1.secureserver.net\/wp-content\/uploads\/2022\/04\/logo-drummond-ldt.png?time=1730132405","contentUrl":"https:\/\/5zm012.p3cdn1.secureserver.net\/wp-content\/uploads\/2022\/04\/logo-drummond-ldt.png?time=1730132405","width":1030,"height":300,"caption":"Drummond Ltd."},"image":{"@id":"https:\/\/drummondltd.com\/en\/#\/schema\/logo\/image\/"}}]}},"_links":{"self":[{"href":"https:\/\/drummondltd.com\/en\/wp-json\/wp\/v2\/pages\/9443","targetHints":{"allow":["GET"]}}],"collection":[{"href":"https:\/\/drummondltd.com\/en\/wp-json\/wp\/v2\/pages"}],"about":[{"href":"https:\/\/drummondltd.com\/en\/wp-json\/wp\/v2\/types\/page"}],"author":[{"embeddable":true,"href":"https:\/\/drummondltd.com\/en\/wp-json\/wp\/v2\/users\/1"}],"replies":[{"embeddable":true,"href":"https:\/\/drummondltd.com\/en\/wp-json\/wp\/v2\/comments?post=9443"}],"version-history":[{"count":1,"href":"https:\/\/drummondltd.com\/en\/wp-json\/wp\/v2\/pages\/9443\/revisions"}],"predecessor-version":[{"id":9444,"href":"https:\/\/drummondltd.com\/en\/wp-json\/wp\/v2\/pages\/9443\/revisions\/9444"}],"wp:attachment":[{"href":"https:\/\/drummondltd.com\/en\/wp-json\/wp\/v2\/media?parent=9443"}],"curies":[{"name":"wp","href":"https:\/\/api.w.org\/{rel}","templated":true}]}}