{"id":9414,"date":"2022-04-27T14:39:21","date_gmt":"2022-04-27T19:39:21","guid":{"rendered":"https:\/\/drummondltd.com\/contact\/"},"modified":"2022-10-25T12:00:53","modified_gmt":"2022-10-25T17:00:53","slug":"contact","status":"publish","type":"page","link":"https:\/\/drummondltd.com\/en\/contact\/","title":{"rendered":"Contact"},"content":{"rendered":"\t\t<div data-elementor-type=\"wp-page\" data-elementor-id=\"9414\" class=\"elementor elementor-9414 elementor-4316\" data-elementor-post-type=\"page\">\n\t\t\t\t\t\t<section class=\"elementor-section elementor-top-section elementor-element elementor-element-bb2708d elementor-section-height-min-height elementor-section-boxed elementor-section-height-default elementor-section-items-middle\" data-id=\"bb2708d\" data-element_type=\"section\" data-settings=\"{&quot;background_background&quot;:&quot;classic&quot;}\">\n\t\t\t\t\t\t\t<div class=\"elementor-background-overlay\"><\/div>\n\t\t\t\t\t\t\t<div class=\"elementor-container elementor-column-gap-default\">\n\t\t\t\t\t<div class=\"elementor-column elementor-col-100 elementor-top-column elementor-element elementor-element-5b5fa2b\" data-id=\"5b5fa2b\" data-element_type=\"column\">\n\t\t\t<div class=\"elementor-widget-wrap\">\n\t\t\t\t\t\t\t<\/div>\n\t\t<\/div>\n\t\t\t\t\t<\/div>\n\t\t<\/section>\n\t\t\t\t<section class=\"elementor-section elementor-top-section elementor-element elementor-element-9e148d2 elementor-section-content-middle elementor-section-boxed elementor-section-height-default elementor-section-height-default\" data-id=\"9e148d2\" data-element_type=\"section\">\n\t\t\t\t\t\t<div class=\"elementor-container elementor-column-gap-default\">\n\t\t\t\t\t<div class=\"elementor-column elementor-col-100 elementor-top-column elementor-element elementor-element-260f6af\" data-id=\"260f6af\" data-element_type=\"column\">\n\t\t\t<div class=\"elementor-widget-wrap elementor-element-populated\">\n\t\t\t\t\t\t<div class=\"elementor-element elementor-element-093d377 elementor-widget elementor-widget-heading\" data-id=\"093d377\" data-element_type=\"widget\" data-widget_type=\"heading.default\">\n\t\t\t\t<div class=\"elementor-widget-container\">\n\t\t\t<style>\/*! elementor - v3.23.0 - 25-07-2024 *\/\n.elementor-heading-title{padding:0;margin:0;line-height:1}.elementor-widget-heading .elementor-heading-title[class*=elementor-size-]>a{color:inherit;font-size:inherit;line-height:inherit}.elementor-widget-heading .elementor-heading-title.elementor-size-small{font-size:15px}.elementor-widget-heading .elementor-heading-title.elementor-size-medium{font-size:19px}.elementor-widget-heading .elementor-heading-title.elementor-size-large{font-size:29px}.elementor-widget-heading .elementor-heading-title.elementor-size-xl{font-size:39px}.elementor-widget-heading .elementor-heading-title.elementor-size-xxl{font-size:59px}<\/style><h3 class=\"elementor-heading-title elementor-size-default\">If you wish to register a petition, complaint, claim, suggestion or congratulation, enter our <b>Online Citizen Service Portal:<\/b><\/h3>\t\t<\/div>\n\t\t\t\t<\/div>\n\t\t\t\t<div class=\"elementor-element elementor-element-8ee0605 elementor-align-center elementor-widget elementor-widget-button\" data-id=\"8ee0605\" data-element_type=\"widget\" data-widget_type=\"button.default\">\n\t\t\t\t<div class=\"elementor-widget-container\">\n\t\t\t\t\t<div class=\"elementor-button-wrapper\">\n\t\t\t<a class=\"elementor-button elementor-button-link elementor-size-sm\" href=\"https:\/\/drummond.boreal-is.com\/portal\/drummond\" target=\"_blank\" rel=\"nofollow noreferrer noopener\">\n\t\t\t\t\t\t<span class=\"elementor-button-content-wrapper\">\n\t\t\t\t\t\t<span class=\"elementor-button-icon\">\n\t\t\t\t<i aria-hidden=\"true\" class=\"fas fa-external-link-alt\"><\/i>\t\t\t<\/span>\n\t\t\t\t\t\t\t\t\t<span class=\"elementor-button-text\">Enter the Portal here<\/span>\n\t\t\t\t\t<\/span>\n\t\t\t\t\t<\/a>\n\t\t<\/div>\n\t\t\t\t<\/div>\n\t\t\t\t<\/div>\n\t\t\t\t<div class=\"elementor-element elementor-element-8c5483d elementor-widget elementor-widget-text-editor\" data-id=\"8c5483d\" data-element_type=\"widget\" data-widget_type=\"text-editor.default\">\n\t\t\t\t<div class=\"elementor-widget-container\">\n\t\t\t<style>\/*! elementor - v3.23.0 - 25-07-2024 *\/\n.elementor-widget-text-editor.elementor-drop-cap-view-stacked .elementor-drop-cap{background-color:#69727d;color:#fff}.elementor-widget-text-editor.elementor-drop-cap-view-framed .elementor-drop-cap{color:#69727d;border:3px solid;background-color:transparent}.elementor-widget-text-editor:not(.elementor-drop-cap-view-default) .elementor-drop-cap{margin-top:8px}.elementor-widget-text-editor:not(.elementor-drop-cap-view-default) .elementor-drop-cap-letter{width:1em;height:1em}.elementor-widget-text-editor .elementor-drop-cap{float:left;text-align:center;line-height:1;font-size:50px}.elementor-widget-text-editor .elementor-drop-cap-letter{display:inline-block}<\/style>\t\t\t\t<p>I agree that <b>Drummond Ltd.<\/b>, with NIT. 800.021.308-5, located at Calle 72 No. 10-07 Office 1302, Bogot\u00e1 DC, and with PBX: (+ 57-1) 587-1000, will require the use of the personal data provided by me, in order to process requests, complaints, claims, suggestions or congratulations from the <a href=\"https:\/\/drummond.boreal-is.com\/portal\/drummond\" target=\"_blank\" rel=\"noopener\">Online Citizen Service Portal<\/a>. <\/p>\n<p>Data Owners have the following rights: access, update, rectification and deletion. For this, Drummond Ltd. has established the following email: <a href=\"mailto:denuncias@drummondltd.com\" target=\"_blank\" rel=\"noopener\">denuncias@drummondltd.com<\/a>. <\/p>\n<p>The Online Citizen Service Portal:<\/p>\n<ul>\n<li>is not the channel for judicial or administrative notifications, any notification received by that means will be understood not to have been received in a legal manner, since, according to the law, the Certificate of Existence and Legal Representation establishes the email address for that purpose.\n<p>The appropriate email address for judicial and administrative notifications is <a href=\"mailto:correo@drummondltd.com\">correo@drummondltd.com<\/a>.<\/p>\n<\/li>\n<li>is not the means to send resumes. Resumes can be submitted through our website at <a href=\"https:\/\/www.elempleo.com\/co\/sitio-empresarial\/drummond?v2=true\" target=\"_blank\" rel=\"noopener\">Careers<\/a>. <\/li>\n<li>by using the Online Citizen Service Portal, I accept the Personal Information Treatment Policy and the Terms of Use of Drummond Ltd.<\/li>\n<\/ul>\n\t\t\t\t\t\t<\/div>\n\t\t\t\t<\/div>\n\t\t\t\t<div class=\"elementor-element elementor-element-ee1adc5 elementor-widget elementor-widget-heading\" data-id=\"ee1adc5\" data-element_type=\"widget\" data-widget_type=\"heading.default\">\n\t\t\t\t<div class=\"elementor-widget-container\">\n\t\t\t<h3 class=\"elementor-heading-title elementor-size-default\">Physical addresses and telephone numbers<\/h3>\t\t<\/div>\n\t\t\t\t<\/div>\n\t\t\t\t<section class=\"elementor-section elementor-inner-section elementor-element elementor-element-0b47afe elementor-section-height-min-height elementor-section-boxed elementor-section-height-default\" data-id=\"0b47afe\" data-element_type=\"section\">\n\t\t\t\t\t\t<div class=\"elementor-container elementor-column-gap-default\">\n\t\t\t\t\t<div class=\"elementor-column elementor-col-50 elementor-inner-column elementor-element elementor-element-97d0dc5\" data-id=\"97d0dc5\" data-element_type=\"column\" data-settings=\"{&quot;background_background&quot;:&quot;classic&quot;}\">\n\t\t\t<div class=\"elementor-widget-wrap elementor-element-populated\">\n\t\t\t\t\t\t<div class=\"elementor-element elementor-element-84a48c1 elementor-widget elementor-widget-heading\" data-id=\"84a48c1\" data-element_type=\"widget\" data-widget_type=\"heading.default\">\n\t\t\t\t<div class=\"elementor-widget-container\">\n\t\t\t<h5 class=\"elementor-heading-title elementor-size-default\">Bogot\u00e1, D.C. <\/h5>\t\t<\/div>\n\t\t\t\t<\/div>\n\t\t\t\t<div class=\"elementor-element elementor-element-bc73e2f elementor-widget elementor-widget-text-editor\" data-id=\"bc73e2f\" data-element_type=\"widget\" data-widget_type=\"text-editor.default\">\n\t\t\t\t<div class=\"elementor-widget-container\">\n\t\t\t\t\t\t\t<p>Calle 72 No.10-07, Of.1302<br \/><b>PBX<\/b>: (+57-1) 587-1000<br \/><b>Fax<\/b>: (+57-1) 210-2054<\/p>\n\t\t\t\t\t\t<\/div>\n\t\t\t\t<\/div>\n\t\t\t\t\t<\/div>\n\t\t<\/div>\n\t\t\t\t<div class=\"elementor-column elementor-col-50 elementor-inner-column elementor-element elementor-element-447ae5c\" data-id=\"447ae5c\" data-element_type=\"column\" data-settings=\"{&quot;background_background&quot;:&quot;classic&quot;}\">\n\t\t\t<div class=\"elementor-widget-wrap elementor-element-populated\">\n\t\t\t\t\t\t<div class=\"elementor-element elementor-element-078ff4f elementor-widget elementor-widget-heading\" data-id=\"078ff4f\" data-element_type=\"widget\" data-widget_type=\"heading.default\">\n\t\t\t\t<div class=\"elementor-widget-container\">\n\t\t\t<h5 class=\"elementor-heading-title elementor-size-default\">Puerto Drummond <\/h5>\t\t<\/div>\n\t\t\t\t<\/div>\n\t\t\t\t<div class=\"elementor-element elementor-element-ca4a911 elementor-widget elementor-widget-text-editor\" data-id=\"ca4a911\" data-element_type=\"widget\" data-widget_type=\"text-editor.default\">\n\t\t\t\t<div class=\"elementor-widget-container\">\n\t\t\t\t\t\t\t<p>KM 10 V\u00eda Ci\u00e9naga \u2013 Santa Marta<br \/><b>PBX<\/b>: (+57-5) 432-8000<br \/><b>Fax<\/b>: (+57-5) 432-8000 Ext.8013<\/p>\n\t\t\t\t\t\t<\/div>\n\t\t\t\t<\/div>\n\t\t\t\t\t<\/div>\n\t\t<\/div>\n\t\t\t\t\t<\/div>\n\t\t<\/section>\n\t\t\t\t<section class=\"elementor-section elementor-inner-section elementor-element elementor-element-9612e3e elementor-section-height-min-height elementor-section-boxed elementor-section-height-default\" data-id=\"9612e3e\" data-element_type=\"section\">\n\t\t\t\t\t\t<div class=\"elementor-container elementor-column-gap-default\">\n\t\t\t\t\t<div class=\"elementor-column elementor-col-50 elementor-inner-column elementor-element elementor-element-5a95b84\" data-id=\"5a95b84\" data-element_type=\"column\" data-settings=\"{&quot;background_background&quot;:&quot;classic&quot;}\">\n\t\t\t<div class=\"elementor-widget-wrap elementor-element-populated\">\n\t\t\t\t\t\t<div class=\"elementor-element elementor-element-97d0e52 elementor-widget elementor-widget-heading\" data-id=\"97d0e52\" data-element_type=\"widget\" data-widget_type=\"heading.default\">\n\t\t\t\t<div class=\"elementor-widget-container\">\n\t\t\t<h5 class=\"elementor-heading-title elementor-size-default\">Valledupar, Cesar <\/h5>\t\t<\/div>\n\t\t\t\t<\/div>\n\t\t\t\t<div class=\"elementor-element elementor-element-586d6ee elementor-widget elementor-widget-text-editor\" data-id=\"586d6ee\" data-element_type=\"widget\" data-widget_type=\"text-editor.default\">\n\t\t\t\t<div class=\"elementor-widget-container\">\n\t\t\t\t\t\t\t<p>Calle 12 No. 8-42, Ofic. 303 y 304<br \/><b>PBX<\/b>: (+57-5) 5719300<br \/>Edificio Orbe Plaza<\/p>\n\t\t\t\t\t\t<\/div>\n\t\t\t\t<\/div>\n\t\t\t\t\t<\/div>\n\t\t<\/div>\n\t\t\t\t<div class=\"elementor-column elementor-col-50 elementor-inner-column elementor-element elementor-element-ec34667\" data-id=\"ec34667\" data-element_type=\"column\" data-settings=\"{&quot;background_background&quot;:&quot;classic&quot;}\">\n\t\t\t<div class=\"elementor-widget-wrap elementor-element-populated\">\n\t\t\t\t\t\t<div class=\"elementor-element elementor-element-08eed75 elementor-widget elementor-widget-heading\" data-id=\"08eed75\" data-element_type=\"widget\" data-widget_type=\"heading.default\">\n\t\t\t\t<div class=\"elementor-widget-container\">\n\t\t\t<h5 class=\"elementor-heading-title elementor-size-default\">La Loma, Cesar <\/h5>\t\t<\/div>\n\t\t\t\t<\/div>\n\t\t\t\t<div class=\"elementor-element elementor-element-d3e5206 elementor-widget elementor-widget-text-editor\" data-id=\"d3e5206\" data-element_type=\"widget\" data-widget_type=\"text-editor.default\">\n\t\t\t\t<div class=\"elementor-widget-container\">\n\t\t\t\t\t\t\t<p>Mina Pribbenow<br \/>Km 31 V\u00eda San Roque, Bosconia<br \/><b>PBX<\/b>: (+57-5) 571-9300<br \/><b>Fax<\/b>: (+57-5) 571-9490<\/p>\n\t\t\t\t\t\t<\/div>\n\t\t\t\t<\/div>\n\t\t\t\t\t<\/div>\n\t\t<\/div>\n\t\t\t\t\t<\/div>\n\t\t<\/section>\n\t\t\t\t\t<\/div>\n\t\t<\/div>\n\t\t\t\t\t<\/div>\n\t\t<\/section>\n\t\t\t\t<\/div>\n\t\t","protected":false},"excerpt":{"rendered":"<p>If you wish to register a petition, complaint, claim, suggestion or congratulation, enter our Online Citizen Service Portal: Enter the Portal here I agree that Drummond Ltd., with NIT. 800.021.308-5, located at Calle 72 No. 10-07 Office 1302, Bogot\u00e1 DC, and with PBX: (+ 57-1) 587-1000, will require the use of the personal data provided [&hellip;]<\/p>\n","protected":false},"author":1,"featured_media":0,"parent":0,"menu_order":0,"comment_status":"closed","ping_status":"closed","template":"","meta":{"_acf_changed":false,"footnotes":""},"class_list":["post-9414","page","type-page","status-publish","hentry"],"acf":[],"yoast_head":"<!-- This site is optimized with the Yoast SEO plugin v27.4 - https:\/\/yoast.com\/product\/yoast-seo-wordpress\/ -->\n<title>Contact - Drummond Ltd.<\/title>\n<meta name=\"robots\" content=\"index, follow, max-snippet:-1, max-image-preview:large, max-video-preview:-1\" \/>\n<link rel=\"canonical\" href=\"https:\/\/drummondltd.com\/en\/contact\/\" \/>\n<meta property=\"og:locale\" content=\"en_US\" \/>\n<meta property=\"og:type\" content=\"article\" \/>\n<meta property=\"og:title\" content=\"Contact - Drummond Ltd.\" \/>\n<meta property=\"og:description\" content=\"If you wish to register a petition, complaint, claim, suggestion or congratulation, enter our Online Citizen Service Portal: Enter the Portal here I agree that Drummond Ltd., with NIT. 800.021.308-5, located at Calle 72 No. 10-07 Office 1302, Bogot\u00e1 DC, and with PBX: (+ 57-1) 587-1000, will require the use of the personal data provided [&hellip;]\" \/>\n<meta property=\"og:url\" content=\"https:\/\/drummondltd.com\/en\/contact\/\" \/>\n<meta property=\"og:site_name\" content=\"Drummond Ltd.\" \/>\n<meta property=\"article:modified_time\" content=\"2022-10-25T17:00:53+00:00\" \/>\n<meta name=\"twitter:card\" content=\"summary_large_image\" \/>\n<meta name=\"twitter:label1\" content=\"Est. reading time\" \/>\n\t<meta name=\"twitter:data1\" content=\"1 minute\" \/>\n<script type=\"application\/ld+json\" class=\"yoast-schema-graph\">{\"@context\":\"https:\\\/\\\/schema.org\",\"@graph\":[{\"@type\":\"WebPage\",\"@id\":\"https:\\\/\\\/drummondltd.com\\\/en\\\/contact\\\/\",\"url\":\"https:\\\/\\\/drummondltd.com\\\/en\\\/contact\\\/\",\"name\":\"Contact - Drummond Ltd.\",\"isPartOf\":{\"@id\":\"https:\\\/\\\/drummondltd.com\\\/en\\\/#website\"},\"datePublished\":\"2022-04-27T19:39:21+00:00\",\"dateModified\":\"2022-10-25T17:00:53+00:00\",\"breadcrumb\":{\"@id\":\"https:\\\/\\\/drummondltd.com\\\/en\\\/contact\\\/#breadcrumb\"},\"inLanguage\":\"en-US\",\"potentialAction\":[{\"@type\":\"ReadAction\",\"target\":[\"https:\\\/\\\/drummondltd.com\\\/en\\\/contact\\\/\"]}]},{\"@type\":\"BreadcrumbList\",\"@id\":\"https:\\\/\\\/drummondltd.com\\\/en\\\/contact\\\/#breadcrumb\",\"itemListElement\":[{\"@type\":\"ListItem\",\"position\":1,\"name\":\"Home\",\"item\":\"https:\\\/\\\/drummondltd.com\\\/en\\\/\"},{\"@type\":\"ListItem\",\"position\":2,\"name\":\"Contact\"}]},{\"@type\":\"WebSite\",\"@id\":\"https:\\\/\\\/drummondltd.com\\\/en\\\/#website\",\"url\":\"https:\\\/\\\/drummondltd.com\\\/en\\\/\",\"name\":\"Drummond Ltd.\",\"description\":\"Organizaci\u00f3n dedicada a la extracci\u00f3n, transporte y exportaci\u00f3n de carb\u00f3n\",\"publisher\":{\"@id\":\"https:\\\/\\\/drummondltd.com\\\/en\\\/#organization\"},\"potentialAction\":[{\"@type\":\"SearchAction\",\"target\":{\"@type\":\"EntryPoint\",\"urlTemplate\":\"https:\\\/\\\/drummondltd.com\\\/en\\\/?s={search_term_string}\"},\"query-input\":{\"@type\":\"PropertyValueSpecification\",\"valueRequired\":true,\"valueName\":\"search_term_string\"}}],\"inLanguage\":\"en-US\"},{\"@type\":\"Organization\",\"@id\":\"https:\\\/\\\/drummondltd.com\\\/en\\\/#organization\",\"name\":\"Drummond Ltd.\",\"url\":\"https:\\\/\\\/drummondltd.com\\\/en\\\/\",\"logo\":{\"@type\":\"ImageObject\",\"inLanguage\":\"en-US\",\"@id\":\"https:\\\/\\\/drummondltd.com\\\/en\\\/#\\\/schema\\\/logo\\\/image\\\/\",\"url\":\"https:\\\/\\\/5zm012.p3cdn1.secureserver.net\\\/wp-content\\\/uploads\\\/2022\\\/04\\\/logo-drummond-ldt.png?time=1730132405\",\"contentUrl\":\"https:\\\/\\\/5zm012.p3cdn1.secureserver.net\\\/wp-content\\\/uploads\\\/2022\\\/04\\\/logo-drummond-ldt.png?time=1730132405\",\"width\":1030,\"height\":300,\"caption\":\"Drummond Ltd.\"},\"image\":{\"@id\":\"https:\\\/\\\/drummondltd.com\\\/en\\\/#\\\/schema\\\/logo\\\/image\\\/\"}}]}<\/script>\n<!-- \/ Yoast SEO plugin. -->","yoast_head_json":{"title":"Contact - Drummond Ltd.","robots":{"index":"index","follow":"follow","max-snippet":"max-snippet:-1","max-image-preview":"max-image-preview:large","max-video-preview":"max-video-preview:-1"},"canonical":"https:\/\/drummondltd.com\/en\/contact\/","og_locale":"en_US","og_type":"article","og_title":"Contact - Drummond Ltd.","og_description":"If you wish to register a petition, complaint, claim, suggestion or congratulation, enter our Online Citizen Service Portal: Enter the Portal here I agree that Drummond Ltd., with NIT. 800.021.308-5, located at Calle 72 No. 10-07 Office 1302, Bogot\u00e1 DC, and with PBX: (+ 57-1) 587-1000, will require the use of the personal data provided [&hellip;]","og_url":"https:\/\/drummondltd.com\/en\/contact\/","og_site_name":"Drummond Ltd.","article_modified_time":"2022-10-25T17:00:53+00:00","twitter_card":"summary_large_image","twitter_misc":{"Est. reading time":"1 minute"},"schema":{"@context":"https:\/\/schema.org","@graph":[{"@type":"WebPage","@id":"https:\/\/drummondltd.com\/en\/contact\/","url":"https:\/\/drummondltd.com\/en\/contact\/","name":"Contact - Drummond Ltd.","isPartOf":{"@id":"https:\/\/drummondltd.com\/en\/#website"},"datePublished":"2022-04-27T19:39:21+00:00","dateModified":"2022-10-25T17:00:53+00:00","breadcrumb":{"@id":"https:\/\/drummondltd.com\/en\/contact\/#breadcrumb"},"inLanguage":"en-US","potentialAction":[{"@type":"ReadAction","target":["https:\/\/drummondltd.com\/en\/contact\/"]}]},{"@type":"BreadcrumbList","@id":"https:\/\/drummondltd.com\/en\/contact\/#breadcrumb","itemListElement":[{"@type":"ListItem","position":1,"name":"Home","item":"https:\/\/drummondltd.com\/en\/"},{"@type":"ListItem","position":2,"name":"Contact"}]},{"@type":"WebSite","@id":"https:\/\/drummondltd.com\/en\/#website","url":"https:\/\/drummondltd.com\/en\/","name":"Drummond Ltd.","description":"Organizaci\u00f3n dedicada a la extracci\u00f3n, transporte y exportaci\u00f3n de carb\u00f3n","publisher":{"@id":"https:\/\/drummondltd.com\/en\/#organization"},"potentialAction":[{"@type":"SearchAction","target":{"@type":"EntryPoint","urlTemplate":"https:\/\/drummondltd.com\/en\/?s={search_term_string}"},"query-input":{"@type":"PropertyValueSpecification","valueRequired":true,"valueName":"search_term_string"}}],"inLanguage":"en-US"},{"@type":"Organization","@id":"https:\/\/drummondltd.com\/en\/#organization","name":"Drummond Ltd.","url":"https:\/\/drummondltd.com\/en\/","logo":{"@type":"ImageObject","inLanguage":"en-US","@id":"https:\/\/drummondltd.com\/en\/#\/schema\/logo\/image\/","url":"https:\/\/5zm012.p3cdn1.secureserver.net\/wp-content\/uploads\/2022\/04\/logo-drummond-ldt.png?time=1730132405","contentUrl":"https:\/\/5zm012.p3cdn1.secureserver.net\/wp-content\/uploads\/2022\/04\/logo-drummond-ldt.png?time=1730132405","width":1030,"height":300,"caption":"Drummond Ltd."},"image":{"@id":"https:\/\/drummondltd.com\/en\/#\/schema\/logo\/image\/"}}]}},"_links":{"self":[{"href":"https:\/\/drummondltd.com\/en\/wp-json\/wp\/v2\/pages\/9414","targetHints":{"allow":["GET"]}}],"collection":[{"href":"https:\/\/drummondltd.com\/en\/wp-json\/wp\/v2\/pages"}],"about":[{"href":"https:\/\/drummondltd.com\/en\/wp-json\/wp\/v2\/types\/page"}],"author":[{"embeddable":true,"href":"https:\/\/drummondltd.com\/en\/wp-json\/wp\/v2\/users\/1"}],"replies":[{"embeddable":true,"href":"https:\/\/drummondltd.com\/en\/wp-json\/wp\/v2\/comments?post=9414"}],"version-history":[{"count":15,"href":"https:\/\/drummondltd.com\/en\/wp-json\/wp\/v2\/pages\/9414\/revisions"}],"predecessor-version":[{"id":11024,"href":"https:\/\/drummondltd.com\/en\/wp-json\/wp\/v2\/pages\/9414\/revisions\/11024"}],"wp:attachment":[{"href":"https:\/\/drummondltd.com\/en\/wp-json\/wp\/v2\/media?parent=9414"}],"curies":[{"name":"wp","href":"https:\/\/api.w.org\/{rel}","templated":true}]}}