{"id":12279,"date":"2023-05-19T09:10:25","date_gmt":"2023-05-19T14:10:25","guid":{"rendered":"https:\/\/drummondltd.com\/our-company\/industrial-security\/continuous-improvement\/"},"modified":"2023-10-05T18:10:36","modified_gmt":"2023-10-05T23:10:36","slug":"continuous-improvement","status":"publish","type":"page","link":"https:\/\/drummondltd.com\/en\/our-company\/industrial-security\/continuous-improvement\/","title":{"rendered":"Continuous Improvement"},"content":{"rendered":"\t\t<div data-elementor-type=\"wp-page\" data-elementor-id=\"12279\" class=\"elementor elementor-12279 elementor-11941\" data-elementor-post-type=\"page\">\n\t\t\t\t<div class=\"elementor-element elementor-element-f469ffd e-flex e-con-boxed e-con e-parent\" data-id=\"f469ffd\" data-element_type=\"container\" data-settings=\"{&quot;background_background&quot;:&quot;classic&quot;}\">\n\t\t\t\t\t<div class=\"e-con-inner\">\n\t\t<div class=\"elementor-element elementor-element-988dd6a e-con-full e-flex e-con e-parent\" data-id=\"988dd6a\" data-element_type=\"container\" data-settings=\"{&quot;background_background&quot;:&quot;classic&quot;}\">\n\t\t\t\t<div class=\"elementor-element elementor-element-75eb71d elementor-widget elementor-widget-heading\" data-id=\"75eb71d\" data-element_type=\"widget\" data-widget_type=\"heading.default\">\n\t\t\t\t<div class=\"elementor-widget-container\">\n\t\t\t<style>\/*! elementor - v3.23.0 - 25-07-2024 *\/\n.elementor-heading-title{padding:0;margin:0;line-height:1}.elementor-widget-heading .elementor-heading-title[class*=elementor-size-]>a{color:inherit;font-size:inherit;line-height:inherit}.elementor-widget-heading .elementor-heading-title.elementor-size-small{font-size:15px}.elementor-widget-heading .elementor-heading-title.elementor-size-medium{font-size:19px}.elementor-widget-heading .elementor-heading-title.elementor-size-large{font-size:29px}.elementor-widget-heading .elementor-heading-title.elementor-size-xl{font-size:39px}.elementor-widget-heading .elementor-heading-title.elementor-size-xxl{font-size:59px}<\/style><p class=\"elementor-heading-title elementor-size-default\">Industrial Security<\/p>\t\t<\/div>\n\t\t\t\t<\/div>\n\t\t\t\t<div class=\"elementor-element elementor-element-8d66a47 elementor-widget elementor-widget-heading\" data-id=\"8d66a47\" data-element_type=\"widget\" data-widget_type=\"heading.default\">\n\t\t\t\t<div class=\"elementor-widget-container\">\n\t\t\t<h2 class=\"elementor-heading-title elementor-size-default\">Continuous\n<b>Improvement<\/b><\/h2>\t\t<\/div>\n\t\t\t\t<\/div>\n\t\t\t\t<\/div>\n\t\t\t\t\t<\/div>\n\t\t\t\t<\/div>\n\t\t<div class=\"elementor-element elementor-element-0f54509 e-flex e-con-boxed e-con e-parent\" data-id=\"0f54509\" data-element_type=\"container\">\n\t\t\t\t\t<div class=\"e-con-inner\">\n\t\t<div class=\"elementor-element elementor-element-03dec79 e-con-full e-flex e-con e-parent\" data-id=\"03dec79\" data-element_type=\"container\">\n\t\t\t\t<div class=\"elementor-element elementor-element-a27b780 elementor-widget elementor-widget-heading\" data-id=\"a27b780\" data-element_type=\"widget\" data-widget_type=\"heading.default\">\n\t\t\t\t<div class=\"elementor-widget-container\">\n\t\t\t<h2 class=\"elementor-heading-title elementor-size-default\">Continuous Improvement<\/h2>\t\t<\/div>\n\t\t\t\t<\/div>\n\t\t\t\t<div class=\"elementor-element elementor-element-4968d15 elementor-widget elementor-widget-text-editor\" data-id=\"4968d15\" data-element_type=\"widget\" data-widget_type=\"text-editor.default\">\n\t\t\t\t<div class=\"elementor-widget-container\">\n\t\t\t<style>\/*! elementor - v3.23.0 - 25-07-2024 *\/\n.elementor-widget-text-editor.elementor-drop-cap-view-stacked .elementor-drop-cap{background-color:#69727d;color:#fff}.elementor-widget-text-editor.elementor-drop-cap-view-framed .elementor-drop-cap{color:#69727d;border:3px solid;background-color:transparent}.elementor-widget-text-editor:not(.elementor-drop-cap-view-default) .elementor-drop-cap{margin-top:8px}.elementor-widget-text-editor:not(.elementor-drop-cap-view-default) .elementor-drop-cap-letter{width:1em;height:1em}.elementor-widget-text-editor .elementor-drop-cap{float:left;text-align:center;line-height:1;font-size:50px}.elementor-widget-text-editor .elementor-drop-cap-letter{display:inline-block}<\/style>\t\t\t\t<p>Occupational Health and Safety Management System<\/p>\n\t\t\t\t\t\t<\/div>\n\t\t\t\t<\/div>\n\t\t\t\t<div class=\"elementor-element elementor-element-4b82487 elementor-icon-list--layout-traditional elementor-list-item-link-full_width elementor-widget elementor-widget-icon-list\" data-id=\"4b82487\" data-element_type=\"widget\" data-widget_type=\"icon-list.default\">\n\t\t\t\t<div class=\"elementor-widget-container\">\n\t\t\t<link rel=\"stylesheet\" href=\"https:\/\/drummondltd.com\/wp-content\/uploads\/elementor\/css\/custom-widget-icon-list.min.css?ver=1778182352\">\t\t<ul class=\"elementor-icon-list-items\">\n\t\t\t\t\t\t\t<li class=\"elementor-icon-list-item\">\n\t\t\t\t\t\t\t\t\t\t\t<span class=\"elementor-icon-list-icon\">\n\t\t\t\t\t\t\t<i aria-hidden=\"true\" class=\"fas fa-check-circle\"><\/i>\t\t\t\t\t\t<\/span>\n\t\t\t\t\t\t\t\t\t\t<span class=\"elementor-icon-list-text\">Certification<\/span>\n\t\t\t\t\t\t\t\t\t<\/li>\n\t\t\t\t\t\t\t\t<li class=\"elementor-icon-list-item\">\n\t\t\t\t\t\t\t\t\t\t\t<span class=\"elementor-icon-list-icon\">\n\t\t\t\t\t\t\t<i aria-hidden=\"true\" class=\"fas fa-check-circle\"><\/i>\t\t\t\t\t\t<\/span>\n\t\t\t\t\t\t\t\t\t\t<span class=\"elementor-icon-list-text\">Risk Management: Safety inspections<\/span>\n\t\t\t\t\t\t\t\t\t<\/li>\n\t\t\t\t\t\t\t\t<li class=\"elementor-icon-list-item\">\n\t\t\t\t\t\t\t\t\t\t\t<span class=\"elementor-icon-list-icon\">\n\t\t\t\t\t\t\t<i aria-hidden=\"true\" class=\"fas fa-check-circle\"><\/i>\t\t\t\t\t\t<\/span>\n\t\t\t\t\t\t\t\t\t\t<span class=\"elementor-icon-list-text\">Event reporting and investigation <\/span>\n\t\t\t\t\t\t\t\t\t<\/li>\n\t\t\t\t\t\t<\/ul>\n\t\t\t\t<\/div>\n\t\t\t\t<\/div>\n\t\t\t\t<\/div>\n\t\t<div class=\"elementor-element elementor-element-a75d857 e-con-full e-flex e-con e-parent\" data-id=\"a75d857\" data-element_type=\"container\">\n\t\t\t\t<div class=\"elementor-element elementor-element-8e0f24b elementor-widget elementor-widget-image\" data-id=\"8e0f24b\" data-element_type=\"widget\" data-widget_type=\"image.default\">\n\t\t\t\t<div class=\"elementor-widget-container\">\n\t\t\t<style>\/*! elementor - v3.23.0 - 25-07-2024 *\/\n.elementor-widget-image{text-align:center}.elementor-widget-image a{display:inline-block}.elementor-widget-image a img[src$=\".svg\"]{width:48px}.elementor-widget-image img{vertical-align:middle;display:inline-block}<\/style>\t\t\t\t\t\t\t\t\t\t<img fetchpriority=\"high\" decoding=\"async\" width=\"800\" height=\"533\" src=\"https:\/\/drummondltd.com\/wp-content\/uploads\/2023\/05\/img-96-1024x682.jpg\" class=\"attachment-large size-large wp-image-12231\" alt=\"\" srcset=\"https:\/\/drummondltd.com\/wp-content\/uploads\/2023\/05\/img-96-1024x682.jpg 1024w, https:\/\/drummondltd.com\/wp-content\/uploads\/2023\/05\/img-96-300x200.jpg 300w, https:\/\/drummondltd.com\/wp-content\/uploads\/2023\/05\/img-96-768x512.jpg 768w, https:\/\/drummondltd.com\/wp-content\/uploads\/2023\/05\/img-96-1536x1024.jpg 1536w, https:\/\/drummondltd.com\/wp-content\/uploads\/2023\/05\/img-96.jpg 2000w\" sizes=\"(max-width: 800px) 100vw, 800px\" \/>\t\t\t\t\t\t\t\t\t\t\t\t\t<\/div>\n\t\t\t\t<\/div>\n\t\t\t\t<\/div>\n\t\t\t\t\t<\/div>\n\t\t\t\t<\/div>\n\t\t<div class=\"elementor-element elementor-element-006cbd5 e-flex e-con-boxed e-con e-parent\" data-id=\"006cbd5\" data-element_type=\"container\" data-settings=\"{&quot;background_background&quot;:&quot;classic&quot;}\">\n\t\t\t\t\t<div class=\"e-con-inner\">\n\t\t\t\t<div class=\"elementor-element elementor-element-8bfe122 elementor-widget elementor-widget-heading\" data-id=\"8bfe122\" data-element_type=\"widget\" data-widget_type=\"heading.default\">\n\t\t\t\t<div class=\"elementor-widget-container\">\n\t\t\t<h2 class=\"elementor-heading-title elementor-size-default\">Certification<\/h2>\t\t<\/div>\n\t\t\t\t<\/div>\n\t\t\t\t<div class=\"elementor-element elementor-element-a7939e9 elementor-widget elementor-widget-text-editor\" data-id=\"a7939e9\" data-element_type=\"widget\" data-widget_type=\"text-editor.default\">\n\t\t\t\t<div class=\"elementor-widget-container\">\n\t\t\t\t\t\t\t<p>Occupational Health and Safety Management System<\/p>\n\t\t\t\t\t\t<\/div>\n\t\t\t\t<\/div>\n\t\t\t\t<div class=\"elementor-element elementor-element-84c59be elementor-widget elementor-widget-image\" data-id=\"84c59be\" data-element_type=\"widget\" data-widget_type=\"image.default\">\n\t\t\t\t<div class=\"elementor-widget-container\">\n\t\t\t\t\t\t\t\t\t\t\t\t\t\t<a href=\"https:\/\/drummondltd.com\/wp-content\/uploads\/2023\/10\/occupational-health-and-safety-management-system-2023-2026.png\" data-elementor-open-lightbox=\"yes\" data-elementor-lightbox-title=\"Occupational Health and Safety Management System\" data-e-action-hash=\"#elementor-action%3Aaction%3Dlightbox%26settings%3DeyJpZCI6MTMzNTcsInVybCI6Imh0dHBzOlwvXC9kcnVtbW9uZGx0ZC5jb21cL3dwLWNvbnRlbnRcL3VwbG9hZHNcLzIwMjNcLzEwXC9vY2N1cGF0aW9uYWwtaGVhbHRoLWFuZC1zYWZldHktbWFuYWdlbWVudC1zeXN0ZW0tMjAyMy0yMDI2LnBuZyJ9\">\n\t\t\t\t\t\t\t<img decoding=\"async\" width=\"2500\" height=\"1768\" src=\"https:\/\/drummondltd.com\/wp-content\/uploads\/2023\/10\/occupational-health-and-safety-management-system-2023-2026.png\" class=\"attachment-full size-full wp-image-13357\" alt=\"\" srcset=\"https:\/\/drummondltd.com\/wp-content\/uploads\/2023\/10\/occupational-health-and-safety-management-system-2023-2026.png 2500w, https:\/\/drummondltd.com\/wp-content\/uploads\/2023\/10\/occupational-health-and-safety-management-system-2023-2026-300x212.png 300w, https:\/\/drummondltd.com\/wp-content\/uploads\/2023\/10\/occupational-health-and-safety-management-system-2023-2026-1024x724.png 1024w, https:\/\/drummondltd.com\/wp-content\/uploads\/2023\/10\/occupational-health-and-safety-management-system-2023-2026-768x543.png 768w, https:\/\/drummondltd.com\/wp-content\/uploads\/2023\/10\/occupational-health-and-safety-management-system-2023-2026-1536x1086.png 1536w, https:\/\/drummondltd.com\/wp-content\/uploads\/2023\/10\/occupational-health-and-safety-management-system-2023-2026-2048x1448.png 2048w\" sizes=\"(max-width: 2500px) 100vw, 2500px\" \/>\t\t\t\t\t\t\t\t<\/a>\n\t\t\t\t\t\t\t\t\t\t\t\t\t<\/div>\n\t\t\t\t<\/div>\n\t\t\t\t\t<\/div>\n\t\t\t\t<\/div>\n\t\t<div class=\"elementor-element elementor-element-8d4b51c e-flex e-con-boxed e-con e-parent\" data-id=\"8d4b51c\" data-element_type=\"container\">\n\t\t\t\t\t<div class=\"e-con-inner\">\n\t\t<div class=\"elementor-element elementor-element-4aad9cb e-con-full e-flex e-con e-parent\" data-id=\"4aad9cb\" data-element_type=\"container\">\n\t\t\t\t<div class=\"elementor-element elementor-element-df477f0 elementor-widget elementor-widget-heading\" data-id=\"df477f0\" data-element_type=\"widget\" data-widget_type=\"heading.default\">\n\t\t\t\t<div class=\"elementor-widget-container\">\n\t\t\t<h2 class=\"elementor-heading-title elementor-size-default\">Risk Management: \n<b>Safety inspections<\/b><\/h2>\t\t<\/div>\n\t\t\t\t<\/div>\n\t\t\t\t<div class=\"elementor-element elementor-element-a60e820 elementor-icon-list--layout-traditional elementor-list-item-link-full_width elementor-widget elementor-widget-icon-list\" data-id=\"a60e820\" data-element_type=\"widget\" data-widget_type=\"icon-list.default\">\n\t\t\t\t<div class=\"elementor-widget-container\">\n\t\t\t\t\t<ul class=\"elementor-icon-list-items\">\n\t\t\t\t\t\t\t<li class=\"elementor-icon-list-item\">\n\t\t\t\t\t\t\t\t\t\t\t<span class=\"elementor-icon-list-icon\">\n\t\t\t\t\t\t\t<i aria-hidden=\"true\" class=\"fas fa-check-circle\"><\/i>\t\t\t\t\t\t<\/span>\n\t\t\t\t\t\t\t\t\t\t<span class=\"elementor-icon-list-text\">Inspections verify the effectiveness of corrective actions, optimize processes and procedures, identify hazards, and control risks before they can cause damage to people or the workplace.<\/span>\n\t\t\t\t\t\t\t\t\t<\/li>\n\t\t\t\t\t\t\t\t<li class=\"elementor-icon-list-item\">\n\t\t\t\t\t\t\t\t\t\t\t<span class=\"elementor-icon-list-icon\">\n\t\t\t\t\t\t\t<i aria-hidden=\"true\" class=\"fas fa-check-circle\"><\/i>\t\t\t\t\t\t<\/span>\n\t\t\t\t\t\t\t\t\t\t<span class=\"elementor-icon-list-text\">They are an arena for interaction between supervisors, technicians and equipment operators, reinforcing the development of skills needed to detect, identify and respond to a risk situation.<\/span>\n\t\t\t\t\t\t\t\t\t<\/li>\n\t\t\t\t\t\t<\/ul>\n\t\t\t\t<\/div>\n\t\t\t\t<\/div>\n\t\t\t\t<\/div>\n\t\t<div class=\"elementor-element elementor-element-39262f3 e-con-full e-flex e-con e-parent\" data-id=\"39262f3\" data-element_type=\"container\">\n\t\t\t\t<div class=\"elementor-element elementor-element-9a1fb47 elementor-widget elementor-widget-image\" data-id=\"9a1fb47\" data-element_type=\"widget\" data-widget_type=\"image.default\">\n\t\t\t\t<div class=\"elementor-widget-container\">\n\t\t\t\t\t\t\t\t\t\t\t\t\t<img decoding=\"async\" width=\"800\" height=\"533\" src=\"https:\/\/drummondltd.com\/wp-content\/uploads\/2023\/05\/img-98-1024x682.jpg\" class=\"attachment-large size-large wp-image-12244\" alt=\"\" srcset=\"https:\/\/drummondltd.com\/wp-content\/uploads\/2023\/05\/img-98-1024x682.jpg 1024w, https:\/\/drummondltd.com\/wp-content\/uploads\/2023\/05\/img-98-300x200.jpg 300w, https:\/\/drummondltd.com\/wp-content\/uploads\/2023\/05\/img-98-768x512.jpg 768w, https:\/\/drummondltd.com\/wp-content\/uploads\/2023\/05\/img-98-1536x1024.jpg 1536w, https:\/\/drummondltd.com\/wp-content\/uploads\/2023\/05\/img-98.jpg 2000w\" sizes=\"(max-width: 800px) 100vw, 800px\" \/>\t\t\t\t\t\t\t\t\t\t\t\t\t<\/div>\n\t\t\t\t<\/div>\n\t\t\t\t<\/div>\n\t\t\t\t\t<\/div>\n\t\t\t\t<\/div>\n\t\t<div class=\"elementor-element elementor-element-a7626cc e-flex e-con-boxed e-con e-parent\" data-id=\"a7626cc\" data-element_type=\"container\">\n\t\t\t\t\t<div class=\"e-con-inner\">\n\t\t\t\t<div class=\"elementor-element elementor-element-598cbbc elementor-widget elementor-widget-heading\" data-id=\"598cbbc\" data-element_type=\"widget\" data-widget_type=\"heading.default\">\n\t\t\t\t<div class=\"elementor-widget-container\">\n\t\t\t<h2 class=\"elementor-heading-title elementor-size-default\"><b>Event reporting and investigation <\/b>\n<\/h2>\t\t<\/div>\n\t\t\t\t<\/div>\n\t\t\t\t<div class=\"elementor-element elementor-element-912f808 elementor-widget elementor-widget-image\" data-id=\"912f808\" data-element_type=\"widget\" data-widget_type=\"image.default\">\n\t\t\t\t<div class=\"elementor-widget-container\">\n\t\t\t\t\t\t\t\t\t\t\t\t\t<img loading=\"lazy\" decoding=\"async\" width=\"800\" height=\"510\" src=\"https:\/\/drummondltd.com\/wp-content\/uploads\/2023\/06\/SST04-ENG-1024x653.png\" class=\"attachment-large size-large wp-image-12318\" alt=\"\" srcset=\"https:\/\/drummondltd.com\/wp-content\/uploads\/2023\/06\/SST04-ENG-1024x653.png 1024w, https:\/\/drummondltd.com\/wp-content\/uploads\/2023\/06\/SST04-ENG-300x191.png 300w, https:\/\/drummondltd.com\/wp-content\/uploads\/2023\/06\/SST04-ENG-768x490.png 768w, https:\/\/drummondltd.com\/wp-content\/uploads\/2023\/06\/SST04-ENG-1536x979.png 1536w, https:\/\/drummondltd.com\/wp-content\/uploads\/2023\/06\/SST04-ENG.png 2000w\" sizes=\"(max-width: 800px) 100vw, 800px\" \/>\t\t\t\t\t\t\t\t\t\t\t\t\t<\/div>\n\t\t\t\t<\/div>\n\t\t\t\t\t<\/div>\n\t\t\t\t<\/div>\n\t\t\t\t<\/div>\n\t\t","protected":false},"excerpt":{"rendered":"<p>Industrial Security Continuous Improvement Continuous Improvement Occupational Health and Safety Management System Certification Risk Management: Safety inspections Event reporting and investigation Certification Occupational Health and Safety Management System Risk Management: Safety inspections Inspections verify the effectiveness of corrective actions, optimize processes and procedures, identify hazards, and control risks before they can cause damage to people [&hellip;]<\/p>\n","protected":false},"author":1,"featured_media":12235,"parent":12276,"menu_order":3,"comment_status":"closed","ping_status":"closed","template":"","meta":{"_acf_changed":false,"footnotes":""},"class_list":["post-12279","page","type-page","status-publish","has-post-thumbnail","hentry"],"acf":[],"yoast_head":"<!-- This site is optimized with the Yoast SEO plugin v27.6 - https:\/\/yoast.com\/product\/yoast-seo-wordpress\/ -->\n<title>Continuous Improvement - Drummond Ltd.<\/title>\n<meta name=\"robots\" content=\"index, follow, max-snippet:-1, max-image-preview:large, max-video-preview:-1\" \/>\n<link rel=\"canonical\" href=\"https:\/\/drummondltd.com\/en\/our-company\/industrial-security\/continuous-improvement\/\" \/>\n<meta property=\"og:locale\" content=\"en_US\" \/>\n<meta property=\"og:type\" content=\"article\" \/>\n<meta property=\"og:title\" content=\"Continuous Improvement - Drummond Ltd.\" \/>\n<meta property=\"og:description\" content=\"Industrial Security Continuous Improvement Continuous Improvement Occupational Health and Safety Management System Certification Risk Management: Safety inspections Event reporting and investigation Certification Occupational Health and Safety Management System Risk Management: Safety inspections Inspections verify the effectiveness of corrective actions, optimize processes and procedures, identify hazards, and control risks before they can cause damage to people [&hellip;]\" \/>\n<meta property=\"og:url\" content=\"https:\/\/drummondltd.com\/en\/our-company\/industrial-security\/continuous-improvement\/\" \/>\n<meta property=\"og:site_name\" content=\"Drummond Ltd.\" \/>\n<meta property=\"article:modified_time\" content=\"2023-10-05T23:10:36+00:00\" \/>\n<meta property=\"og:image\" content=\"https:\/\/drummondltd.com\/wp-content\/uploads\/2023\/05\/img-97.jpg\" \/>\n\t<meta property=\"og:image:width\" content=\"2000\" \/>\n\t<meta property=\"og:image:height\" content=\"1333\" \/>\n\t<meta property=\"og:image:type\" content=\"image\/jpeg\" \/>\n<meta name=\"twitter:card\" content=\"summary_large_image\" \/>\n<script type=\"application\/ld+json\" class=\"yoast-schema-graph\">{\"@context\":\"https:\\\/\\\/schema.org\",\"@graph\":[{\"@type\":\"WebPage\",\"@id\":\"https:\\\/\\\/drummondltd.com\\\/en\\\/our-company\\\/industrial-security\\\/continuous-improvement\\\/\",\"url\":\"https:\\\/\\\/drummondltd.com\\\/en\\\/our-company\\\/industrial-security\\\/continuous-improvement\\\/\",\"name\":\"Continuous Improvement - Drummond Ltd.\",\"isPartOf\":{\"@id\":\"https:\\\/\\\/drummondltd.com\\\/en\\\/#website\"},\"primaryImageOfPage\":{\"@id\":\"https:\\\/\\\/drummondltd.com\\\/en\\\/our-company\\\/industrial-security\\\/continuous-improvement\\\/#primaryimage\"},\"image\":{\"@id\":\"https:\\\/\\\/drummondltd.com\\\/en\\\/our-company\\\/industrial-security\\\/continuous-improvement\\\/#primaryimage\"},\"thumbnailUrl\":\"https:\\\/\\\/drummondltd.com\\\/wp-content\\\/uploads\\\/2023\\\/05\\\/img-97.jpg\",\"datePublished\":\"2023-05-19T14:10:25+00:00\",\"dateModified\":\"2023-10-05T23:10:36+00:00\",\"breadcrumb\":{\"@id\":\"https:\\\/\\\/drummondltd.com\\\/en\\\/our-company\\\/industrial-security\\\/continuous-improvement\\\/#breadcrumb\"},\"inLanguage\":\"en-US\",\"potentialAction\":[{\"@type\":\"ReadAction\",\"target\":[\"https:\\\/\\\/drummondltd.com\\\/en\\\/our-company\\\/industrial-security\\\/continuous-improvement\\\/\"]}]},{\"@type\":\"ImageObject\",\"inLanguage\":\"en-US\",\"@id\":\"https:\\\/\\\/drummondltd.com\\\/en\\\/our-company\\\/industrial-security\\\/continuous-improvement\\\/#primaryimage\",\"url\":\"https:\\\/\\\/drummondltd.com\\\/wp-content\\\/uploads\\\/2023\\\/05\\\/img-97.jpg\",\"contentUrl\":\"https:\\\/\\\/drummondltd.com\\\/wp-content\\\/uploads\\\/2023\\\/05\\\/img-97.jpg\",\"width\":2000,\"height\":1333},{\"@type\":\"BreadcrumbList\",\"@id\":\"https:\\\/\\\/drummondltd.com\\\/en\\\/our-company\\\/industrial-security\\\/continuous-improvement\\\/#breadcrumb\",\"itemListElement\":[{\"@type\":\"ListItem\",\"position\":1,\"name\":\"Home\",\"item\":\"https:\\\/\\\/drummondltd.com\\\/en\\\/\"},{\"@type\":\"ListItem\",\"position\":2,\"name\":\"Our Company\",\"item\":\"https:\\\/\\\/drummondltd.com\\\/en\\\/our-company\\\/\"},{\"@type\":\"ListItem\",\"position\":3,\"name\":\"Industrial Security\",\"item\":\"https:\\\/\\\/drummondltd.com\\\/en\\\/our-company\\\/industrial-security\\\/\"},{\"@type\":\"ListItem\",\"position\":4,\"name\":\"Continuous Improvement\"}]},{\"@type\":\"WebSite\",\"@id\":\"https:\\\/\\\/drummondltd.com\\\/en\\\/#website\",\"url\":\"https:\\\/\\\/drummondltd.com\\\/en\\\/\",\"name\":\"Drummond Ltd.\",\"description\":\"Organizaci\u00f3n dedicada a la extracci\u00f3n, transporte y exportaci\u00f3n de carb\u00f3n\",\"publisher\":{\"@id\":\"https:\\\/\\\/drummondltd.com\\\/en\\\/#organization\"},\"potentialAction\":[{\"@type\":\"SearchAction\",\"target\":{\"@type\":\"EntryPoint\",\"urlTemplate\":\"https:\\\/\\\/drummondltd.com\\\/en\\\/?s={search_term_string}\"},\"query-input\":{\"@type\":\"PropertyValueSpecification\",\"valueRequired\":true,\"valueName\":\"search_term_string\"}}],\"inLanguage\":\"en-US\"},{\"@type\":\"Organization\",\"@id\":\"https:\\\/\\\/drummondltd.com\\\/en\\\/#organization\",\"name\":\"Drummond Ltd.\",\"url\":\"https:\\\/\\\/drummondltd.com\\\/en\\\/\",\"logo\":{\"@type\":\"ImageObject\",\"inLanguage\":\"en-US\",\"@id\":\"https:\\\/\\\/drummondltd.com\\\/en\\\/#\\\/schema\\\/logo\\\/image\\\/\",\"url\":\"https:\\\/\\\/5zm012.p3cdn1.secureserver.net\\\/wp-content\\\/uploads\\\/2022\\\/04\\\/logo-drummond-ldt.png?time=1730132405\",\"contentUrl\":\"https:\\\/\\\/5zm012.p3cdn1.secureserver.net\\\/wp-content\\\/uploads\\\/2022\\\/04\\\/logo-drummond-ldt.png?time=1730132405\",\"width\":1030,\"height\":300,\"caption\":\"Drummond Ltd.\"},\"image\":{\"@id\":\"https:\\\/\\\/drummondltd.com\\\/en\\\/#\\\/schema\\\/logo\\\/image\\\/\"}}]}<\/script>\n<!-- \/ Yoast SEO plugin. -->","yoast_head_json":{"title":"Continuous Improvement - Drummond Ltd.","robots":{"index":"index","follow":"follow","max-snippet":"max-snippet:-1","max-image-preview":"max-image-preview:large","max-video-preview":"max-video-preview:-1"},"canonical":"https:\/\/drummondltd.com\/en\/our-company\/industrial-security\/continuous-improvement\/","og_locale":"en_US","og_type":"article","og_title":"Continuous Improvement - Drummond Ltd.","og_description":"Industrial Security Continuous Improvement Continuous Improvement Occupational Health and Safety Management System Certification Risk Management: Safety inspections Event reporting and investigation Certification Occupational Health and Safety Management System Risk Management: Safety inspections Inspections verify the effectiveness of corrective actions, optimize processes and procedures, identify hazards, and control risks before they can cause damage to people [&hellip;]","og_url":"https:\/\/drummondltd.com\/en\/our-company\/industrial-security\/continuous-improvement\/","og_site_name":"Drummond Ltd.","article_modified_time":"2023-10-05T23:10:36+00:00","og_image":[{"width":2000,"height":1333,"url":"https:\/\/drummondltd.com\/wp-content\/uploads\/2023\/05\/img-97.jpg","type":"image\/jpeg"}],"twitter_card":"summary_large_image","schema":{"@context":"https:\/\/schema.org","@graph":[{"@type":"WebPage","@id":"https:\/\/drummondltd.com\/en\/our-company\/industrial-security\/continuous-improvement\/","url":"https:\/\/drummondltd.com\/en\/our-company\/industrial-security\/continuous-improvement\/","name":"Continuous Improvement - Drummond Ltd.","isPartOf":{"@id":"https:\/\/drummondltd.com\/en\/#website"},"primaryImageOfPage":{"@id":"https:\/\/drummondltd.com\/en\/our-company\/industrial-security\/continuous-improvement\/#primaryimage"},"image":{"@id":"https:\/\/drummondltd.com\/en\/our-company\/industrial-security\/continuous-improvement\/#primaryimage"},"thumbnailUrl":"https:\/\/drummondltd.com\/wp-content\/uploads\/2023\/05\/img-97.jpg","datePublished":"2023-05-19T14:10:25+00:00","dateModified":"2023-10-05T23:10:36+00:00","breadcrumb":{"@id":"https:\/\/drummondltd.com\/en\/our-company\/industrial-security\/continuous-improvement\/#breadcrumb"},"inLanguage":"en-US","potentialAction":[{"@type":"ReadAction","target":["https:\/\/drummondltd.com\/en\/our-company\/industrial-security\/continuous-improvement\/"]}]},{"@type":"ImageObject","inLanguage":"en-US","@id":"https:\/\/drummondltd.com\/en\/our-company\/industrial-security\/continuous-improvement\/#primaryimage","url":"https:\/\/drummondltd.com\/wp-content\/uploads\/2023\/05\/img-97.jpg","contentUrl":"https:\/\/drummondltd.com\/wp-content\/uploads\/2023\/05\/img-97.jpg","width":2000,"height":1333},{"@type":"BreadcrumbList","@id":"https:\/\/drummondltd.com\/en\/our-company\/industrial-security\/continuous-improvement\/#breadcrumb","itemListElement":[{"@type":"ListItem","position":1,"name":"Home","item":"https:\/\/drummondltd.com\/en\/"},{"@type":"ListItem","position":2,"name":"Our Company","item":"https:\/\/drummondltd.com\/en\/our-company\/"},{"@type":"ListItem","position":3,"name":"Industrial Security","item":"https:\/\/drummondltd.com\/en\/our-company\/industrial-security\/"},{"@type":"ListItem","position":4,"name":"Continuous Improvement"}]},{"@type":"WebSite","@id":"https:\/\/drummondltd.com\/en\/#website","url":"https:\/\/drummondltd.com\/en\/","name":"Drummond Ltd.","description":"Organizaci\u00f3n dedicada a la extracci\u00f3n, transporte y exportaci\u00f3n de carb\u00f3n","publisher":{"@id":"https:\/\/drummondltd.com\/en\/#organization"},"potentialAction":[{"@type":"SearchAction","target":{"@type":"EntryPoint","urlTemplate":"https:\/\/drummondltd.com\/en\/?s={search_term_string}"},"query-input":{"@type":"PropertyValueSpecification","valueRequired":true,"valueName":"search_term_string"}}],"inLanguage":"en-US"},{"@type":"Organization","@id":"https:\/\/drummondltd.com\/en\/#organization","name":"Drummond Ltd.","url":"https:\/\/drummondltd.com\/en\/","logo":{"@type":"ImageObject","inLanguage":"en-US","@id":"https:\/\/drummondltd.com\/en\/#\/schema\/logo\/image\/","url":"https:\/\/5zm012.p3cdn1.secureserver.net\/wp-content\/uploads\/2022\/04\/logo-drummond-ldt.png?time=1730132405","contentUrl":"https:\/\/5zm012.p3cdn1.secureserver.net\/wp-content\/uploads\/2022\/04\/logo-drummond-ldt.png?time=1730132405","width":1030,"height":300,"caption":"Drummond Ltd."},"image":{"@id":"https:\/\/drummondltd.com\/en\/#\/schema\/logo\/image\/"}}]}},"_links":{"self":[{"href":"https:\/\/drummondltd.com\/en\/wp-json\/wp\/v2\/pages\/12279","targetHints":{"allow":["GET"]}}],"collection":[{"href":"https:\/\/drummondltd.com\/en\/wp-json\/wp\/v2\/pages"}],"about":[{"href":"https:\/\/drummondltd.com\/en\/wp-json\/wp\/v2\/types\/page"}],"author":[{"embeddable":true,"href":"https:\/\/drummondltd.com\/en\/wp-json\/wp\/v2\/users\/1"}],"replies":[{"embeddable":true,"href":"https:\/\/drummondltd.com\/en\/wp-json\/wp\/v2\/comments?post=12279"}],"version-history":[{"count":16,"href":"https:\/\/drummondltd.com\/en\/wp-json\/wp\/v2\/pages\/12279\/revisions"}],"predecessor-version":[{"id":13362,"href":"https:\/\/drummondltd.com\/en\/wp-json\/wp\/v2\/pages\/12279\/revisions\/13362"}],"up":[{"embeddable":true,"href":"https:\/\/drummondltd.com\/en\/wp-json\/wp\/v2\/pages\/12276"}],"wp:featuredmedia":[{"embeddable":true,"href":"https:\/\/drummondltd.com\/en\/wp-json\/wp\/v2\/media\/12235"}],"wp:attachment":[{"href":"https:\/\/drummondltd.com\/en\/wp-json\/wp\/v2\/media?parent=12279"}],"curies":[{"name":"wp","href":"https:\/\/api.w.org\/{rel}","templated":true}]}}